{"id":3788,"date":"2023-06-30T11:22:04","date_gmt":"2023-06-30T09:22:04","guid":{"rendered":"https:\/\/solsol.cat\/bronceado-uva\/"},"modified":"2023-07-03T11:14:09","modified_gmt":"2023-07-03T09:14:09","slug":"bronceado-uva","status":"publish","type":"page","link":"https:\/\/solsol.cat\/es\/bronceado-uva\/","title":{"rendered":"Bronceado UVA"},"content":{"rendered":"\n<style type=\"text\/css\" data-created_by=\"avia_inline_auto\" id=\"style-css-av-i2b7i9-7b9858f63bae1523e3307b7039a6ee34\">\n.avia-section.av-i2b7i9-7b9858f63bae1523e3307b7039a6ee34{\nbackground-color:#ffffff;\nbackground-image:unset;\n}\n<\/style>\n<div id='av_section_1'  class='avia-section av-i2b7i9-7b9858f63bae1523e3307b7039a6ee34 main_color avia-section-default avia-no-border-styling  avia-builder-el-0  avia-builder-el-no-sibling  avia-bg-style-scroll container_wrap sidebar_right'  ><div class='container av-section-cont-open' ><main  role=\"main\" itemprop=\"mainContentOfPage\"  class='template-page content  av-content-small alpha units'><div class='post-entry post-entry-type-page post-entry-3788'><div class='entry-content-wrapper clearfix'>\n<div  class='flex_column av-g2bwgx-3b26f187c23c32866835cf7e704ef161 av_one_half  avia-builder-el-1  el_before_av_one_half  avia-builder-el-first  first flex_column_div  '     ><p>\n<style type=\"text\/css\" data-created_by=\"avia_inline_auto\" id=\"style-css-av-e3wyr5-bd7a8ecd2d1e860a503d5857ac13e2db\">\n.avia-image-container.av-e3wyr5-bd7a8ecd2d1e860a503d5857ac13e2db img.avia_image{\nbox-shadow:none;\n}\n.avia-image-container.av-e3wyr5-bd7a8ecd2d1e860a503d5857ac13e2db .av-image-caption-overlay-center{\ncolor:#ffffff;\n}\n<\/style>\n<div  class='avia-image-container av-e3wyr5-bd7a8ecd2d1e860a503d5857ac13e2db av-styling- avia-align-center  avia-builder-el-2  el_before_av_image  avia-builder-el-first '   itemprop=\"image\" itemscope=\"itemscope\" itemtype=\"https:\/\/schema.org\/ImageObject\" ><div class=\"avia-image-container-inner\"><div class=\"avia-image-overlay-wrap\"><img decoding=\"async\" class='wp-image-3592 avia-img-lazy-loading-not-3592 avia_image ' src=\"https:\/\/solsol.cat\/wp-content\/uploads\/2023\/06\/Bronzejat-UVA.jpg\" alt='' title='Bronzejat-UVA'  height=\"335\" width=\"501\"  itemprop=\"thumbnailUrl\" srcset=\"https:\/\/solsol.cat\/wp-content\/uploads\/2023\/06\/Bronzejat-UVA.jpg 501w, https:\/\/solsol.cat\/wp-content\/uploads\/2023\/06\/Bronzejat-UVA-300x201.jpg 300w\" sizes=\"(max-width: 501px) 100vw, 501px\" \/><\/div><\/div><\/div><br \/>\n\n<style type=\"text\/css\" data-created_by=\"avia_inline_auto\" id=\"style-css-av-c5hllt-e649fccbbf11accccdc261d209bd2ed7\">\n.avia-image-container.av-c5hllt-e649fccbbf11accccdc261d209bd2ed7 img.avia_image{\nbox-shadow:none;\n}\n.avia-image-container.av-c5hllt-e649fccbbf11accccdc261d209bd2ed7 .av-image-caption-overlay-center{\ncolor:#ffffff;\n}\n<\/style>\n<div  class='avia-image-container av-c5hllt-e649fccbbf11accccdc261d209bd2ed7 av-styling- avia-align-center  avia-builder-el-3  el_after_av_image  avia-builder-el-last '   itemprop=\"image\" itemscope=\"itemscope\" itemtype=\"https:\/\/schema.org\/ImageObject\" ><div class=\"avia-image-container-inner\"><div class=\"avia-image-overlay-wrap\"><img decoding=\"async\" class='wp-image-3594 avia-img-lazy-loading-not-3594 avia_image ' src=\"https:\/\/solsol.cat\/wp-content\/uploads\/2023\/06\/Bronzejat-UVA2-int.jpg\" alt='' title='Bronzejat-UVA2-int'  height=\"498\" width=\"1200\"  itemprop=\"thumbnailUrl\" srcset=\"https:\/\/solsol.cat\/wp-content\/uploads\/2023\/06\/Bronzejat-UVA2-int.jpg 1200w, https:\/\/solsol.cat\/wp-content\/uploads\/2023\/06\/Bronzejat-UVA2-int-300x125.jpg 300w, https:\/\/solsol.cat\/wp-content\/uploads\/2023\/06\/Bronzejat-UVA2-int-1024x425.jpg 1024w, https:\/\/solsol.cat\/wp-content\/uploads\/2023\/06\/Bronzejat-UVA2-int-768x319.jpg 768w, https:\/\/solsol.cat\/wp-content\/uploads\/2023\/06\/Bronzejat-UVA2-int-705x293.jpg 705w\" sizes=\"(max-width: 1200px) 100vw, 1200px\" \/><\/div><\/div><\/div><\/p><\/div><div  class='flex_column av-anp33l-9919821f6c4845ab82ff5e8272c67c79 av_one_half  avia-builder-el-4  el_after_av_one_half  el_before_av_hr  flex_column_div  '     ><p>\n<style type=\"text\/css\" data-created_by=\"avia_inline_auto\" id=\"style-css-av-9dhmu9-a998420557ae6d7510bb2ad465fa99de\">\n#top .av-special-heading.av-9dhmu9-a998420557ae6d7510bb2ad465fa99de{\npadding-bottom:10px;\ncolor:#d5d9cc;\n}\nbody .av-special-heading.av-9dhmu9-a998420557ae6d7510bb2ad465fa99de .av-special-heading-tag .heading-char{\nfont-size:25px;\n}\n.av-special-heading.av-9dhmu9-a998420557ae6d7510bb2ad465fa99de .special-heading-inner-border{\nborder-color:#d5d9cc;\n}\n.av-special-heading.av-9dhmu9-a998420557ae6d7510bb2ad465fa99de .av-subheading{\nfont-size:15px;\n}\n<\/style>\n<div  class='av-special-heading av-9dhmu9-a998420557ae6d7510bb2ad465fa99de av-special-heading-h2 custom-color-heading blockquote modern-quote  avia-builder-el-5  el_before_av_textblock  avia-builder-el-first '><h2 class='av-special-heading-tag'  itemprop=\"headline\"  >Bronceado UVA<\/h2><div class=\"special-heading-border\"><div class=\"special-heading-inner-border\"><\/div><\/div><\/div><br \/>\n\n<style type=\"text\/css\" data-created_by=\"avia_inline_auto\" id=\"style-css-av-811t29-86ff01e8038b07b6924cb181273f5851\">\n#top .av_textblock_section.av-811t29-86ff01e8038b07b6924cb181273f5851 .avia_textblock{\ncolor:#666666;\n}\n<\/style>\n<section  class='av_textblock_section av-811t29-86ff01e8038b07b6924cb181273f5851 '   itemscope=\"itemscope\" itemtype=\"https:\/\/schema.org\/CreativeWork\" ><div class='avia_textblock av_inherit_color'  itemprop=\"text\" ><p><strong>En el centro de bronceado SOL.SOL te garantizamos la m\u00e1xima calidad, poniendo a tu servicio las mejores instalaciones.<\/strong><\/p>\n<p>En SOL\u00b7SOL encontrar\u00e1s una garant\u00eda en asesoramiento sobre las necesidades de tu tipo de piel, c\u00f3mo debes tomar el sol de forma sana y controlada, y qu\u00e9 productos usar.<\/p>\n<p>Rel\u00e1jate bronce\u00e1ndote en SOL\u00b7SOL de forma saludable y r\u00e1pida durante todo el a\u00f1o. Conseguir\u00e1s una tonalidad duradera, sana y equilibrada.<\/p>\n<p>Nuestro objetivo es ofrecerte la m\u00e1xima comodidad en un ambiente fresco y agradable.<\/p>\n<\/div><\/section><br \/>\n\n<style type=\"text\/css\" data-created_by=\"avia_inline_auto\" id=\"style-css-av-56oyqp-3c90c72452546d00a5d17ec96388c4bd\">\n#top .av-special-heading.av-56oyqp-3c90c72452546d00a5d17ec96388c4bd{\npadding-bottom:10px;\ncolor:#666666;\n}\nbody .av-special-heading.av-56oyqp-3c90c72452546d00a5d17ec96388c4bd .av-special-heading-tag .heading-char{\nfont-size:25px;\n}\n.av-special-heading.av-56oyqp-3c90c72452546d00a5d17ec96388c4bd .special-heading-inner-border{\nborder-color:#666666;\n}\n.av-special-heading.av-56oyqp-3c90c72452546d00a5d17ec96388c4bd .av-subheading{\nfont-size:15px;\n}\n<\/style>\n<div  class='av-special-heading av-56oyqp-3c90c72452546d00a5d17ec96388c4bd av-special-heading-h3 custom-color-heading blockquote modern-quote  avia-builder-el-7  el_after_av_textblock  el_before_av_textblock '><h3 class='av-special-heading-tag'  itemprop=\"headline\"  >Bonos de Sol<\/h3><div class=\"special-heading-border\"><div class=\"special-heading-inner-border\"><\/div><\/div><\/div><br \/>\n\n<style type=\"text\/css\" data-created_by=\"avia_inline_auto\" id=\"style-css-av-4e334h-9ceb4f0790eab99b6ea4892cac06f106\">\n#top .av_textblock_section.av-4e334h-9ceb4f0790eab99b6ea4892cac06f106 .avia_textblock{\ncolor:#666666;\n}\n<\/style>\n<section  class='av_textblock_section av-4e334h-9ceb4f0790eab99b6ea4892cac06f106 '   itemscope=\"itemscope\" itemtype=\"https:\/\/schema.org\/CreativeWork\" ><div class='avia_textblock av_inherit_color'  itemprop=\"text\" ><p><strong>Cargas de:<br \/>\n30\u20ac (te regalamos 5\u20ac)<br \/>\n58\u20ac (te regalamos 12\u20ac)<br \/>\n112\u20ac (te regalamos 28\u20ac)<\/strong><\/p>\n<\/div><\/section><br \/>\n<div  class='avia-button-wrap av-2dex0x-a8f91cded359645e3f7906eb58e602be-wrap avia-button-left  avia-builder-el-9  el_after_av_textblock  avia-builder-el-last '>\n<style type=\"text\/css\" data-created_by=\"avia_inline_auto\" id=\"style-css-av-2dex0x-a8f91cded359645e3f7906eb58e602be\">\n#top #wrap_all .avia-button.av-2dex0x-a8f91cded359645e3f7906eb58e602be{\nbackground-color:#d5d9cc;\nborder-color:#d5d9cc;\ncolor:#666666;\n-webkit-transition:all 0.4s ease-in-out;\n-moz-transition:all 0.4s ease-in-out;\n-ms-transition:all 0.4s ease-in-out;\n-o-transition:all 0.4s ease-in-out;\ntransition:all 0.4s ease-in-out;\n}\n<\/style>\n<a href='mailto:mailto:reserves@solsol.cat?subject=Bronceado UVA'  class='avia-button av-2dex0x-a8f91cded359645e3f7906eb58e602be avia-icon_select-no avia-size-medium avia-position-left'  ><span class='avia_iconbox_title' >Carga tu tarjeta SOL\u00b7SOL<\/span><\/a><\/div><\/p><\/div>\n<style type=\"text\/css\" data-created_by=\"avia_inline_auto\" id=\"style-css-av-ljmn3tfv-a34869762ba91a48451040713997bb46\">\n#top .hr.hr-invisible.av-ljmn3tfv-a34869762ba91a48451040713997bb46{\nheight:50px;\n}\n<\/style>\n<div  class='hr av-ljmn3tfv-a34869762ba91a48451040713997bb46 hr-invisible  avia-builder-el-10  el_after_av_one_half  el_before_av_textblock '><span class='hr-inner '><span class=\"hr-inner-style\"><\/span><\/span><\/div>\n<section  class='av_textblock_section av-ljmn2v1s-ad75385e6e9f23cc0d91d45e36dda025 '   itemscope=\"itemscope\" itemtype=\"https:\/\/schema.org\/CreativeWork\" ><div class='avia_textblock'  itemprop=\"text\" ><p><center><em>Normativa del Ministerio de Sanidad 1002\/2002.<\/em><a id=\"Abonament\"><\/a><br \/>\n<em>Cabinas climatizadas con un riguroso control higi\u00e9nico despu\u00e9s de cada sesi\u00f3n.<\/em> <em>Sistema informatizado de renovaci\u00f3n de tubos solares.<\/em><\/center><\/p>\n<\/div><\/section>\n<\/div><\/div><\/main><!-- close content main element --><\/div><\/div><div id='after_section_1'  class='main_color av_default_container_wrap container_wrap sidebar_right'  ><div class='container av-section-cont-open' ><div class='template-page content  av-content-small alpha units'><div class='post-entry post-entry-type-page post-entry-3788'><div class='entry-content-wrapper clearfix'>\n","protected":false},"excerpt":{"rendered":"","protected":false},"author":1,"featured_media":0,"parent":0,"menu_order":0,"comment_status":"closed","ping_status":"closed","template":"","meta":{"footnotes":""},"class_list":["post-3788","page","type-page","status-publish","hentry"],"_links":{"self":[{"href":"https:\/\/solsol.cat\/es\/wp-json\/wp\/v2\/pages\/3788","targetHints":{"allow":["GET"]}}],"collection":[{"href":"https:\/\/solsol.cat\/es\/wp-json\/wp\/v2\/pages"}],"about":[{"href":"https:\/\/solsol.cat\/es\/wp-json\/wp\/v2\/types\/page"}],"author":[{"embeddable":true,"href":"https:\/\/solsol.cat\/es\/wp-json\/wp\/v2\/users\/1"}],"replies":[{"embeddable":true,"href":"https:\/\/solsol.cat\/es\/wp-json\/wp\/v2\/comments?post=3788"}],"version-history":[{"count":6,"href":"https:\/\/solsol.cat\/es\/wp-json\/wp\/v2\/pages\/3788\/revisions"}],"predecessor-version":[{"id":3799,"href":"https:\/\/solsol.cat\/es\/wp-json\/wp\/v2\/pages\/3788\/revisions\/3799"}],"wp:attachment":[{"href":"https:\/\/solsol.cat\/es\/wp-json\/wp\/v2\/media?parent=3788"}],"curies":[{"name":"wp","href":"https:\/\/api.w.org\/{rel}","templated":true}]}}