{"id":3803,"date":"2023-06-30T11:22:51","date_gmt":"2023-06-30T09:22:51","guid":{"rendered":"https:\/\/solsol.cat\/depilacion\/"},"modified":"2023-07-03T11:22:39","modified_gmt":"2023-07-03T09:22:39","slug":"depilacion","status":"publish","type":"page","link":"https:\/\/solsol.cat\/es\/depilacion\/","title":{"rendered":"Depilaci\u00f3n"},"content":{"rendered":"\n<style type=\"text\/css\" data-created_by=\"avia_inline_auto\" id=\"style-css-av-19tdl1-a8f0aec9f1d1faaf8bfc2fb37c6e35eb\">\n.avia-section.av-19tdl1-a8f0aec9f1d1faaf8bfc2fb37c6e35eb{\nbackground-color:#ffffff;\nbackground-image:unset;\n}\n<\/style>\n<div id='av_section_1'  class='avia-section av-19tdl1-a8f0aec9f1d1faaf8bfc2fb37c6e35eb main_color avia-section-default avia-no-border-styling  avia-builder-el-0  avia-builder-el-no-sibling  avia-bg-style-scroll container_wrap sidebar_right'  ><div class='container av-section-cont-open' ><main  role=\"main\" itemprop=\"mainContentOfPage\"  class='template-page content  av-content-small alpha units'><div class='post-entry post-entry-type-page post-entry-3803'><div class='entry-content-wrapper clearfix'>\n<div  class='flex_column av-a72g6d-d0619f73e8df7574a4396d9ba25b3c68 av_one_fourth  avia-builder-el-1  el_before_av_three_fourth  avia-builder-el-first  first flex_column_div  '     ><p>\n<style type=\"text\/css\" data-created_by=\"avia_inline_auto\" id=\"style-css-av-ljifpzbi-02fe7953a82f4ffe5d6bf78a4344a0ad\">\n.avia-image-container.av-ljifpzbi-02fe7953a82f4ffe5d6bf78a4344a0ad img.avia_image{\nbox-shadow:none;\n}\n.avia-image-container.av-ljifpzbi-02fe7953a82f4ffe5d6bf78a4344a0ad .av-image-caption-overlay-center{\ncolor:#ffffff;\n}\n<\/style>\n<div  class='avia-image-container av-ljifpzbi-02fe7953a82f4ffe5d6bf78a4344a0ad av-styling- avia-align-center  avia-builder-el-2  el_before_av_image  avia-builder-el-first '   itemprop=\"image\" itemscope=\"itemscope\" itemtype=\"https:\/\/schema.org\/ImageObject\" ><div class=\"avia-image-container-inner\"><div class=\"avia-image-overlay-wrap\"><img decoding=\"async\" class='wp-image-3604 avia-img-lazy-loading-not-3604 avia_image ' src=\"https:\/\/solsol.cat\/wp-content\/uploads\/2023\/06\/Depilacio4-int.jpg\" alt='' title='Depilacio\u03014-int'  height=\"1609\" width=\"1200\"  itemprop=\"thumbnailUrl\" srcset=\"https:\/\/solsol.cat\/wp-content\/uploads\/2023\/06\/Depilacio4-int.jpg 1200w, https:\/\/solsol.cat\/wp-content\/uploads\/2023\/06\/Depilacio4-int-224x300.jpg 224w, https:\/\/solsol.cat\/wp-content\/uploads\/2023\/06\/Depilacio4-int-764x1024.jpg 764w, https:\/\/solsol.cat\/wp-content\/uploads\/2023\/06\/Depilacio4-int-768x1030.jpg 768w, https:\/\/solsol.cat\/wp-content\/uploads\/2023\/06\/Depilacio4-int-1146x1536.jpg 1146w, https:\/\/solsol.cat\/wp-content\/uploads\/2023\/06\/Depilacio4-int-1119x1500.jpg 1119w, https:\/\/solsol.cat\/wp-content\/uploads\/2023\/06\/Depilacio4-int-526x705.jpg 526w\" sizes=\"(max-width: 1200px) 100vw, 1200px\" \/><\/div><\/div><\/div><br \/>\n\n<style type=\"text\/css\" data-created_by=\"avia_inline_auto\" id=\"style-css-av-9nrd11-f043d1da3434b1038b317d1b81b90026\">\n.avia-image-container.av-9nrd11-f043d1da3434b1038b317d1b81b90026 img.avia_image{\nbox-shadow:none;\n}\n.avia-image-container.av-9nrd11-f043d1da3434b1038b317d1b81b90026 .av-image-caption-overlay-center{\ncolor:#ffffff;\n}\n<\/style>\n<div  class='avia-image-container av-9nrd11-f043d1da3434b1038b317d1b81b90026 av-styling- avia-align-center  avia-builder-el-3  el_after_av_image  el_before_av_image '   itemprop=\"image\" itemscope=\"itemscope\" itemtype=\"https:\/\/schema.org\/ImageObject\" ><div class=\"avia-image-container-inner\"><div class=\"avia-image-overlay-wrap\"><img decoding=\"async\" class='wp-image-3602 avia-img-lazy-loading-not-3602 avia_image ' src=\"https:\/\/solsol.cat\/wp-content\/uploads\/2023\/06\/Depilacio2-int.jpg\" alt='' title='Depilacio\u03012-int'  height=\"1200\" width=\"1200\"  itemprop=\"thumbnailUrl\" srcset=\"https:\/\/solsol.cat\/wp-content\/uploads\/2023\/06\/Depilacio2-int.jpg 1200w, https:\/\/solsol.cat\/wp-content\/uploads\/2023\/06\/Depilacio2-int-300x300.jpg 300w, https:\/\/solsol.cat\/wp-content\/uploads\/2023\/06\/Depilacio2-int-1024x1024.jpg 1024w, https:\/\/solsol.cat\/wp-content\/uploads\/2023\/06\/Depilacio2-int-150x150.jpg 150w, https:\/\/solsol.cat\/wp-content\/uploads\/2023\/06\/Depilacio2-int-768x768.jpg 768w, https:\/\/solsol.cat\/wp-content\/uploads\/2023\/06\/Depilacio2-int-36x36.jpg 36w, https:\/\/solsol.cat\/wp-content\/uploads\/2023\/06\/Depilacio2-int-180x180.jpg 180w, https:\/\/solsol.cat\/wp-content\/uploads\/2023\/06\/Depilacio2-int-705x705.jpg 705w\" sizes=\"(max-width: 1200px) 100vw, 1200px\" \/><\/div><\/div><\/div><br \/>\n\n<style type=\"text\/css\" data-created_by=\"avia_inline_auto\" id=\"style-css-av-7r00dh-4d5472bc3a6ecba6642fbbaee21b0f0c\">\n.avia-image-container.av-7r00dh-4d5472bc3a6ecba6642fbbaee21b0f0c img.avia_image{\nbox-shadow:none;\n}\n.avia-image-container.av-7r00dh-4d5472bc3a6ecba6642fbbaee21b0f0c .av-image-caption-overlay-center{\ncolor:#ffffff;\n}\n<\/style>\n<div  class='avia-image-container av-7r00dh-4d5472bc3a6ecba6642fbbaee21b0f0c av-styling- avia-align-center  avia-builder-el-4  el_after_av_image  el_before_av_image '   itemprop=\"image\" itemscope=\"itemscope\" itemtype=\"https:\/\/schema.org\/ImageObject\" ><div class=\"avia-image-container-inner\"><div class=\"avia-image-overlay-wrap\"><img decoding=\"async\" class='wp-image-3600 avia-img-lazy-loading-not-3600 avia_image ' src=\"https:\/\/solsol.cat\/wp-content\/uploads\/2023\/06\/Depilacio3-int.jpg\" alt='' title='Depilacio\u03013-int'  height=\"865\" width=\"1200\"  itemprop=\"thumbnailUrl\" srcset=\"https:\/\/solsol.cat\/wp-content\/uploads\/2023\/06\/Depilacio3-int.jpg 1200w, https:\/\/solsol.cat\/wp-content\/uploads\/2023\/06\/Depilacio3-int-300x216.jpg 300w, https:\/\/solsol.cat\/wp-content\/uploads\/2023\/06\/Depilacio3-int-1024x738.jpg 1024w, https:\/\/solsol.cat\/wp-content\/uploads\/2023\/06\/Depilacio3-int-768x554.jpg 768w, https:\/\/solsol.cat\/wp-content\/uploads\/2023\/06\/Depilacio3-int-705x508.jpg 705w\" sizes=\"(max-width: 1200px) 100vw, 1200px\" \/><\/div><\/div><\/div><br \/>\n\n<style type=\"text\/css\" data-created_by=\"avia_inline_auto\" id=\"style-css-av-580rf9-16fabb25737a509aa13cb0bad5a6eb25\">\n.avia-image-container.av-580rf9-16fabb25737a509aa13cb0bad5a6eb25 img.avia_image{\nbox-shadow:none;\n}\n.avia-image-container.av-580rf9-16fabb25737a509aa13cb0bad5a6eb25 .av-image-caption-overlay-center{\ncolor:#ffffff;\n}\n<\/style>\n<div  class='avia-image-container av-580rf9-16fabb25737a509aa13cb0bad5a6eb25 av-styling- avia-align-center  avia-builder-el-5  el_after_av_image  avia-builder-el-last '   itemprop=\"image\" itemscope=\"itemscope\" itemtype=\"https:\/\/schema.org\/ImageObject\" ><div class=\"avia-image-container-inner\"><div class=\"avia-image-overlay-wrap\"><img decoding=\"async\" class='wp-image-3598 avia-img-lazy-loading-not-3598 avia_image ' src=\"https:\/\/solsol.cat\/wp-content\/uploads\/2023\/06\/Depilacio-int.jpg\" alt='' title='Spa items'  height=\"800\" width=\"1200\"  itemprop=\"thumbnailUrl\" srcset=\"https:\/\/solsol.cat\/wp-content\/uploads\/2023\/06\/Depilacio-int.jpg 1200w, https:\/\/solsol.cat\/wp-content\/uploads\/2023\/06\/Depilacio-int-300x200.jpg 300w, https:\/\/solsol.cat\/wp-content\/uploads\/2023\/06\/Depilacio-int-1024x683.jpg 1024w, https:\/\/solsol.cat\/wp-content\/uploads\/2023\/06\/Depilacio-int-768x512.jpg 768w, https:\/\/solsol.cat\/wp-content\/uploads\/2023\/06\/Depilacio-int-705x470.jpg 705w\" sizes=\"(max-width: 1200px) 100vw, 1200px\" \/><\/div><\/div><\/div><\/p><\/div><div  class='flex_column av-42bzn9-97d016551f931336617ce3a84b4832aa av_three_fourth  avia-builder-el-6  el_after_av_one_fourth  avia-builder-el-last  flex_column_div  '     ><p>\n<style type=\"text\/css\" data-created_by=\"avia_inline_auto\" id=\"style-css-av-ljifrw6m-60cfb0e944038913727eb4fd94de2944\">\n#top .av-special-heading.av-ljifrw6m-60cfb0e944038913727eb4fd94de2944{\npadding-bottom:10px;\ncolor:#d5d9cc;\n}\nbody .av-special-heading.av-ljifrw6m-60cfb0e944038913727eb4fd94de2944 .av-special-heading-tag .heading-char{\nfont-size:25px;\n}\n.av-special-heading.av-ljifrw6m-60cfb0e944038913727eb4fd94de2944 .special-heading-inner-border{\nborder-color:#d5d9cc;\n}\n.av-special-heading.av-ljifrw6m-60cfb0e944038913727eb4fd94de2944 .av-subheading{\nfont-size:15px;\n}\n<\/style>\n<div  class='av-special-heading av-ljifrw6m-60cfb0e944038913727eb4fd94de2944 av-special-heading-h2 custom-color-heading blockquote modern-quote  avia-builder-el-7  el_before_av_textblock  avia-builder-el-first '><h2 class='av-special-heading-tag'  itemprop=\"headline\"  >Depilaci\u00f3n<\/h2><div class=\"special-heading-border\"><div class=\"special-heading-inner-border\"><\/div><\/div><\/div><br \/>\n\n<style type=\"text\/css\" data-created_by=\"avia_inline_auto\" id=\"style-css-av-ljifsi2v-40dc78f87f0aa038352e88a8695f588c\">\n#top .av_textblock_section.av-ljifsi2v-40dc78f87f0aa038352e88a8695f588c .avia_textblock{\ncolor:#666666;\n}\n<\/style>\n<section  class='av_textblock_section av-ljifsi2v-40dc78f87f0aa038352e88a8695f588c '   itemscope=\"itemscope\" itemtype=\"https:\/\/schema.org\/CreativeWork\" ><div class='avia_textblock av_inherit_color'  itemprop=\"text\" ><p>Disfruta de una piel de seda, sin dolor, gracias al uso de cera con aceite de oliva y aplicaci\u00f3n final de aloe vera, para conseguir un efecto calmante y refrescante. Personalizamos la depilaci\u00f3n para conseguir el resultado m\u00e1s adecuado para cada piel.<\/p>\n<\/div><\/section><br \/>\n<div  class='avia-table av-1b4bed-4ae4fadb520aa3ab3225f6cba510a82c main_color avia-pricing-table-container avia_pricing_default  avia-builder-el-9  el_after_av_textblock  el_before_av_table  avia-table-1'  itemscope=\"itemscope\" itemtype=\"https:\/\/schema.org\/Table\" ><div class=\"pricing-table-wrap\"><ul class='pricing-table '><li class=''><div class='first-table-item'><\/p>\n<h4>Hombre<\/h4>\n<p><\/div><span class='pricing-extra'><\/span><\/li><li class='avia-heading-row'>Axilas<\/li><li class=''>15\u20ac<\/li><li class='avia-heading-row'>Brazos<\/li><li class=''>15\u20ac<\/li><li class='avia-heading-row'>1\/2 piernas<\/li><li class=''>20\u20ac<\/li><li class='avia-heading-row'>Piernas enteras<\/li><li class=''>30\u20ac<\/li><li class='avia-heading-row'>Dise\u00f1o cejas<\/li><li class=''>20\u20ac<\/li><li class='avia-heading-row'>Repasar cejas<\/li><li class=''>15\u20ac<\/li><li class='avia-heading-row'>Ingles<\/li><li class=''>15\u20ac<\/li><li class='avia-heading-row'>Ingles brasile\u00f1as<\/li><li class=''>25\u20ac<\/li><li class='avia-heading-row'>Ingles completas<\/li><li class=''>30\u20ac<\/li><li class='avia-heading-row'>Gl\u00fateos<\/li><li class=''>15\u20ac<\/li><\/ul><\/div><div class=\"pricing-table-wrap\"><ul class='pricing-table '><li class=''><div class='first-table-item'><\/p>\n<h4>Mujer<\/h4>\n<p><\/div><span class='pricing-extra'><\/span><\/li><li class='avia-heading-row'>Abdomen<\/li><li class=''>20\u20ac<\/li><li class='avia-heading-row'>Axilas<\/li><li class=''>15\u20ac<\/li><li class='avia-heading-row'>Brazos<\/li><li class=''>15\u20ac<\/li><li class='avia-heading-row'>Piernas enteras<\/li><li class=''>40\u20ac<\/li><li class='avia-heading-row'>Dise\u00f1o cejas<\/li><li class=''>20\u20ac<\/li><li class='avia-heading-row'>Repasar cejas<\/li><li class=''>15\u20ac<\/li><li class='avia-heading-row'>Ingles<\/li><li class=''>15\u20ac<\/li><li class='avia-heading-row'>Espalda entera<\/li><li class=''>30\u20ac<\/li><li class='avia-heading-row'>Gl\u00fateos<\/li><li class=''>15\u20ac<\/li><li class='avia-heading-row'>Pecho<\/li><li class=''>20\u20ac<\/li><\/ul><\/div><\/div><br \/>\n<div  class='avia-table av-1bm56d1-b1af1178e4b38abd8b1bb4228a92ed93 main_color avia-pricing-table-container avia_pricing_default  avia-builder-el-10  el_after_av_table  el_before_av_button  avia-table-2'  itemscope=\"itemscope\" itemtype=\"https:\/\/schema.org\/Table\" ><div class=\"pricing-table-wrap\"><ul class='pricing-table '><li class=''><div class='first-table-item'><\/p>\n<h4>Packs<\/h4>\n<p><\/div><span class='pricing-extra'><\/span><\/li><li class='avia-heading-row'>Cejas + labio<\/li><li class=''>18\u20ac<\/li><li class='avia-heading-row'>Pack a partir de 3 zonas<\/li><li class=''>-10%<\/li><li class='avia-heading-row'>Pack a partir de 5 zonas<\/li><li class=''>-15%<\/li><li class='avia-heading-row empty-table-cell'><span class='fallback-table-val'>Pack a partir de 5 zonas<\/span><\/li><li class=' empty-table-cell'><span class='fallback-table-val'>-15%<\/span><\/li><\/ul><\/div><div class=\"pricing-table-wrap\"><ul class='pricing-table '><li class=''><div class='first-table-item'><\/p>\n<h4>Packs<\/h4>\n<p><\/div><span class='pricing-extra'><\/span><\/li><li class='avia-heading-row'>Cejas + nariz + orejas<\/li><li class=''>20\u20ac<\/li><li class='avia-heading-row'>Cejas + p\u00f3mulos<\/li><li class=''>18\u20ac<\/li><li class='avia-heading-row'>Pack a partir de 3 zonas<\/li><li class=''>-10%<\/li><li class='avia-heading-row'>Pack a partir de 5 zonas<\/li><li class=''>-15%<\/li><\/ul><\/div><\/div><br \/>\n<div  class='avia-button-wrap av-2etpqd-7d5e79821efc56bb0c01182ca1f92ad3-wrap avia-button-left  avia-builder-el-11  el_after_av_table  avia-builder-el-last '>\n<style type=\"text\/css\" data-created_by=\"avia_inline_auto\" id=\"style-css-av-2etpqd-7d5e79821efc56bb0c01182ca1f92ad3\">\n#top #wrap_all .avia-button.av-2etpqd-7d5e79821efc56bb0c01182ca1f92ad3{\nbackground-color:#d5d9cc;\nborder-color:#d5d9cc;\ncolor:#666666;\n-webkit-transition:all 0.4s ease-in-out;\n-moz-transition:all 0.4s ease-in-out;\n-ms-transition:all 0.4s ease-in-out;\n-o-transition:all 0.4s ease-in-out;\ntransition:all 0.4s ease-in-out;\n}\n<\/style>\n<a href='mailto:mailto:reserves@solsol.cat?subject=Depilaci\u00f3n'  class='avia-button av-2etpqd-7d5e79821efc56bb0c01182ca1f92ad3 avia-icon_select-no avia-size-medium avia-position-left'  ><span class='avia_iconbox_title' >Reserva ahora<\/span><\/a><\/div><\/p><\/div><\/div><\/div><\/main><!-- close content main element --><\/div><\/div><div id='after_section_1'  class='main_color av_default_container_wrap container_wrap sidebar_right'  ><div class='container av-section-cont-open' ><div class='template-page content  av-content-small alpha units'><div class='post-entry post-entry-type-page post-entry-3803'><div class='entry-content-wrapper clearfix'>\n","protected":false},"excerpt":{"rendered":"","protected":false},"author":1,"featured_media":0,"parent":0,"menu_order":0,"comment_status":"closed","ping_status":"closed","template":"","meta":{"footnotes":""},"class_list":["post-3803","page","type-page","status-publish","hentry"],"_links":{"self":[{"href":"https:\/\/solsol.cat\/es\/wp-json\/wp\/v2\/pages\/3803","targetHints":{"allow":["GET"]}}],"collection":[{"href":"https:\/\/solsol.cat\/es\/wp-json\/wp\/v2\/pages"}],"about":[{"href":"https:\/\/solsol.cat\/es\/wp-json\/wp\/v2\/types\/page"}],"author":[{"embeddable":true,"href":"https:\/\/solsol.cat\/es\/wp-json\/wp\/v2\/users\/1"}],"replies":[{"embeddable":true,"href":"https:\/\/solsol.cat\/es\/wp-json\/wp\/v2\/comments?post=3803"}],"version-history":[{"count":2,"href":"https:\/\/solsol.cat\/es\/wp-json\/wp\/v2\/pages\/3803\/revisions"}],"predecessor-version":[{"id":3805,"href":"https:\/\/solsol.cat\/es\/wp-json\/wp\/v2\/pages\/3803\/revisions\/3805"}],"wp:attachment":[{"href":"https:\/\/solsol.cat\/es\/wp-json\/wp\/v2\/media?parent=3803"}],"curies":[{"name":"wp","href":"https:\/\/api.w.org\/{rel}","templated":true}]}}