{"id":3834,"date":"2023-06-30T11:25:59","date_gmt":"2023-06-30T09:25:59","guid":{"rendered":"https:\/\/solsol.cat\/tratamientos-faciales\/"},"modified":"2023-07-03T13:55:59","modified_gmt":"2023-07-03T11:55:59","slug":"tratamientos-faciales","status":"publish","type":"page","link":"https:\/\/solsol.cat\/es\/tratamientos-faciales\/","title":{"rendered":"Tratamientos faciales"},"content":{"rendered":"\n<style type=\"text\/css\" data-created_by=\"avia_inline_auto\" id=\"style-css-av-rh861-3f575c34ce78523eecc2fb679a36482f\">\n.avia-section.av-rh861-3f575c34ce78523eecc2fb679a36482f{\nbackground-color:#ffffff;\nbackground-image:unset;\n}\n<\/style>\n<div id='av_section_1'  class='avia-section av-rh861-3f575c34ce78523eecc2fb679a36482f main_color avia-section-default avia-no-border-styling  avia-builder-el-0  avia-builder-el-no-sibling  avia-bg-style-scroll container_wrap sidebar_right'  ><div class='container av-section-cont-open' ><main  role=\"main\" itemprop=\"mainContentOfPage\"  class='template-page content  av-content-small alpha units'><div class='post-entry post-entry-type-page post-entry-3834'><div class='entry-content-wrapper clearfix'>\n<div  class='flex_column av-5vbgc9-12f3632631c46a1f2aa02f8a9c80c03e av_one_third  avia-builder-el-1  el_before_av_two_third  avia-builder-el-first  first flex_column_div  '     ><p>\n<style type=\"text\/css\" data-created_by=\"avia_inline_auto\" id=\"style-css-av-ljiq4p84-69cf2c34bab0950c7fe54c0fc71d82db\">\n.avia-image-container.av-ljiq4p84-69cf2c34bab0950c7fe54c0fc71d82db img.avia_image{\nbox-shadow:none;\n}\n.avia-image-container.av-ljiq4p84-69cf2c34bab0950c7fe54c0fc71d82db .av-image-caption-overlay-center{\ncolor:#ffffff;\n}\n<\/style>\n<div  class='avia-image-container av-ljiq4p84-69cf2c34bab0950c7fe54c0fc71d82db av-styling- avia-align-center  avia-builder-el-2  el_before_av_image  avia-builder-el-first '   itemprop=\"image\" itemscope=\"itemscope\" itemtype=\"https:\/\/schema.org\/ImageObject\" ><div class=\"avia-image-container-inner\"><div class=\"avia-image-overlay-wrap\"><img decoding=\"async\" class='wp-image-3622 avia-img-lazy-loading-not-3622 avia_image ' src=\"https:\/\/solsol.cat\/wp-content\/uploads\/2023\/06\/Tractaments-facials-int-2-e1425917876272.jpg\" alt='' title='Tractaments-facials-int-2-e1425917876272'  height=\"1417\" width=\"1065\"  itemprop=\"thumbnailUrl\" srcset=\"https:\/\/solsol.cat\/wp-content\/uploads\/2023\/06\/Tractaments-facials-int-2-e1425917876272.jpg 1065w, https:\/\/solsol.cat\/wp-content\/uploads\/2023\/06\/Tractaments-facials-int-2-e1425917876272-225x300.jpg 225w, https:\/\/solsol.cat\/wp-content\/uploads\/2023\/06\/Tractaments-facials-int-2-e1425917876272-770x1024.jpg 770w, https:\/\/solsol.cat\/wp-content\/uploads\/2023\/06\/Tractaments-facials-int-2-e1425917876272-768x1022.jpg 768w, https:\/\/solsol.cat\/wp-content\/uploads\/2023\/06\/Tractaments-facials-int-2-e1425917876272-530x705.jpg 530w\" sizes=\"(max-width: 1065px) 100vw, 1065px\" \/><\/div><\/div><\/div><br \/>\n\n<style type=\"text\/css\" data-created_by=\"avia_inline_auto\" id=\"style-css-av-ljiq56l2-a43b96a09cbed0782a31cc35999f8052\">\n.avia-image-container.av-ljiq56l2-a43b96a09cbed0782a31cc35999f8052 img.avia_image{\nbox-shadow:none;\n}\n.avia-image-container.av-ljiq56l2-a43b96a09cbed0782a31cc35999f8052 .av-image-caption-overlay-center{\ncolor:#ffffff;\n}\n<\/style>\n<div  class='avia-image-container av-ljiq56l2-a43b96a09cbed0782a31cc35999f8052 av-styling- avia-align-center  avia-builder-el-3  el_after_av_image  el_before_av_image '   itemprop=\"image\" itemscope=\"itemscope\" itemtype=\"https:\/\/schema.org\/ImageObject\" ><div class=\"avia-image-container-inner\"><div class=\"avia-image-overlay-wrap\"><img decoding=\"async\" class='wp-image-3624 avia-img-lazy-loading-not-3624 avia_image ' src=\"https:\/\/solsol.cat\/wp-content\/uploads\/2023\/06\/Tractaments-facials-int-3-e1425917985672.jpg\" alt='' title='Tractaments-facials-int-3-e1425917985672'  height=\"1742\" width=\"1450\"  itemprop=\"thumbnailUrl\" srcset=\"https:\/\/solsol.cat\/wp-content\/uploads\/2023\/06\/Tractaments-facials-int-3-e1425917985672.jpg 1450w, https:\/\/solsol.cat\/wp-content\/uploads\/2023\/06\/Tractaments-facials-int-3-e1425917985672-250x300.jpg 250w, https:\/\/solsol.cat\/wp-content\/uploads\/2023\/06\/Tractaments-facials-int-3-e1425917985672-852x1024.jpg 852w, https:\/\/solsol.cat\/wp-content\/uploads\/2023\/06\/Tractaments-facials-int-3-e1425917985672-768x923.jpg 768w, https:\/\/solsol.cat\/wp-content\/uploads\/2023\/06\/Tractaments-facials-int-3-e1425917985672-1279x1536.jpg 1279w, https:\/\/solsol.cat\/wp-content\/uploads\/2023\/06\/Tractaments-facials-int-3-e1425917985672-1249x1500.jpg 1249w, https:\/\/solsol.cat\/wp-content\/uploads\/2023\/06\/Tractaments-facials-int-3-e1425917985672-587x705.jpg 587w\" sizes=\"(max-width: 1450px) 100vw, 1450px\" \/><\/div><\/div><\/div><br \/>\n\n<style type=\"text\/css\" data-created_by=\"avia_inline_auto\" id=\"style-css-av-ljiq5q85-2169c10e92bced4164d05c5dc959d020\">\n.avia-image-container.av-ljiq5q85-2169c10e92bced4164d05c5dc959d020 img.avia_image{\nbox-shadow:none;\n}\n.avia-image-container.av-ljiq5q85-2169c10e92bced4164d05c5dc959d020 .av-image-caption-overlay-center{\ncolor:#ffffff;\n}\n<\/style>\n<div  class='avia-image-container av-ljiq5q85-2169c10e92bced4164d05c5dc959d020 av-styling- avia-align-center  avia-builder-el-4  el_after_av_image  avia-builder-el-last '   itemprop=\"image\" itemscope=\"itemscope\" itemtype=\"https:\/\/schema.org\/ImageObject\" ><div class=\"avia-image-container-inner\"><div class=\"avia-image-overlay-wrap\"><img decoding=\"async\" class='wp-image-3626 avia-img-lazy-loading-not-3626 avia_image ' src=\"https:\/\/solsol.cat\/wp-content\/uploads\/2023\/06\/Tractaments-facials-int.jpg\" alt='' title='Tractaments-facials-int'  height=\"1808\" width=\"1200\"  itemprop=\"thumbnailUrl\" srcset=\"https:\/\/solsol.cat\/wp-content\/uploads\/2023\/06\/Tractaments-facials-int.jpg 1200w, https:\/\/solsol.cat\/wp-content\/uploads\/2023\/06\/Tractaments-facials-int-199x300.jpg 199w, https:\/\/solsol.cat\/wp-content\/uploads\/2023\/06\/Tractaments-facials-int-680x1024.jpg 680w, https:\/\/solsol.cat\/wp-content\/uploads\/2023\/06\/Tractaments-facials-int-768x1157.jpg 768w, https:\/\/solsol.cat\/wp-content\/uploads\/2023\/06\/Tractaments-facials-int-1019x1536.jpg 1019w, https:\/\/solsol.cat\/wp-content\/uploads\/2023\/06\/Tractaments-facials-int-996x1500.jpg 996w, https:\/\/solsol.cat\/wp-content\/uploads\/2023\/06\/Tractaments-facials-int-468x705.jpg 468w\" sizes=\"(max-width: 1200px) 100vw, 1200px\" \/><\/div><\/div><\/div><\/p><\/div><div  class='flex_column av-47rgp5-aae288a0b84763509600f817138245e4 av_two_third  avia-builder-el-5  el_after_av_one_third  avia-builder-el-last  flex_column_div  '     ><p>\n<style type=\"text\/css\" data-created_by=\"avia_inline_auto\" id=\"style-css-av-ljiq6988-5eee0b4d18ccc7cf819bddf6007227e2\">\n#top .av-special-heading.av-ljiq6988-5eee0b4d18ccc7cf819bddf6007227e2{\npadding-bottom:10px;\ncolor:#d5d9cc;\n}\nbody .av-special-heading.av-ljiq6988-5eee0b4d18ccc7cf819bddf6007227e2 .av-special-heading-tag .heading-char{\nfont-size:25px;\n}\n.av-special-heading.av-ljiq6988-5eee0b4d18ccc7cf819bddf6007227e2 .special-heading-inner-border{\nborder-color:#d5d9cc;\n}\n.av-special-heading.av-ljiq6988-5eee0b4d18ccc7cf819bddf6007227e2 .av-subheading{\nfont-size:15px;\n}\n<\/style>\n<div  class='av-special-heading av-ljiq6988-5eee0b4d18ccc7cf819bddf6007227e2 av-special-heading-h2 custom-color-heading blockquote modern-quote  avia-builder-el-6  el_before_av_textblock  avia-builder-el-first '><h2 class='av-special-heading-tag'  itemprop=\"headline\"  >Tratamientos faciales<\/h2><div class=\"special-heading-border\"><div class=\"special-heading-inner-border\"><\/div><\/div><\/div><br \/>\n\n<style type=\"text\/css\" data-created_by=\"avia_inline_auto\" id=\"style-css-av-ljiq6kpc-bc41706381574d5852e55d97c669cb6e\">\n#top .av_textblock_section.av-ljiq6kpc-bc41706381574d5852e55d97c669cb6e .avia_textblock{\ncolor:#666666;\n}\n<\/style>\n<section  class='av_textblock_section av-ljiq6kpc-bc41706381574d5852e55d97c669cb6e '   itemscope=\"itemscope\" itemtype=\"https:\/\/schema.org\/CreativeWork\" ><div class='avia_textblock av_inherit_color'  itemprop=\"text\" ><p>Tras un an\u00e1lisis minucioso de la piel, se aplica un tratamiento \u00fanico y personalizado, consiguiendo los mejores resultados y beneficios para una piel m\u00e1s sana.<\/p>\n<\/div><\/section><br \/>\n\n<style type=\"text\/css\" data-created_by=\"avia_inline_auto\" id=\"style-css-av-ljiq6uf4-172aaf894bcb3c447165db47bb93e0df\">\n#top .av-special-heading.av-ljiq6uf4-172aaf894bcb3c447165db47bb93e0df{\npadding-bottom:10px;\ncolor:#666666;\n}\nbody .av-special-heading.av-ljiq6uf4-172aaf894bcb3c447165db47bb93e0df .av-special-heading-tag .heading-char{\nfont-size:25px;\n}\n.av-special-heading.av-ljiq6uf4-172aaf894bcb3c447165db47bb93e0df .special-heading-inner-border{\nborder-color:#666666;\n}\n.av-special-heading.av-ljiq6uf4-172aaf894bcb3c447165db47bb93e0df .av-subheading{\nfont-size:15px;\n}\n<\/style>\n<div  class='av-special-heading av-ljiq6uf4-172aaf894bcb3c447165db47bb93e0df av-special-heading-h3 custom-color-heading blockquote modern-quote  avia-builder-el-8  el_after_av_textblock  el_before_av_textblock '><h3 class='av-special-heading-tag'  itemprop=\"headline\"  >Face mapping (gratuito)<\/h3><div class=\"special-heading-border\"><div class=\"special-heading-inner-border\"><\/div><\/div><\/div><br \/>\n\n<style type=\"text\/css\" data-created_by=\"avia_inline_auto\" id=\"style-css-av-ljiq79nn-7033cc52b294bee4841628eaabcb4101\">\n#top .av_textblock_section.av-ljiq79nn-7033cc52b294bee4841628eaabcb4101 .avia_textblock{\ncolor:#666666;\n}\n<\/style>\n<section  class='av_textblock_section av-ljiq79nn-7033cc52b294bee4841628eaabcb4101 '   itemscope=\"itemscope\" itemtype=\"https:\/\/schema.org\/CreativeWork\" ><div class='avia_textblock av_inherit_color'  itemprop=\"text\" ><p>Analiza el aspecto de tu piel y descubre tus necesidades. Ayuda a mejorar la efectividad del tratamiento y a la correcta prescripci\u00f3n del producto a utilizar.<\/p>\n<\/div><\/section><br \/>\n<div  class='avia-table av-lvurp5-a04ae850f5cc9e31c7b43481f9f444f8 main_color avia-pricing-table-container avia_pricing_default  avia-builder-el-10  el_after_av_textblock  el_before_av_table  avia-table-1'  itemscope=\"itemscope\" itemtype=\"https:\/\/schema.org\/Table\" ><div class=\"pricing-table-wrap\"><ul class='pricing-table '><li class='avia-heading-row'><div class='first-table-item'>Facial Dermal\u00f3gica<\/div><span class='pricing-extra'><\/span><\/li><li class=''>Tras un an\u00e1lisis minucioso de la piel, se aplica un tratamiento \u00fanico y personalizado, consiguiendo los mejores resultados y beneficios para una piel m\u00e1s sana.<\/li><li class=''>60\u20ac<\/li><\/ul><\/div><div class=\"pricing-table-wrap\"><ul class='pricing-table '><li class='avia-heading-row'><div class='first-table-item'>Antiacn\u00e9<\/div><span class='pricing-extra'><\/span><\/li><li class=''>Tratamiento pionero focalizado en purificar la piel mediante una limpieza profunda, seguida de extracci\u00f3n y aplicaci\u00f3n de productos espec\u00edficos; para combatir el acn\u00e9 existente y evitar futuras proliferaciones.<\/li><li class=''>60\u20ac<\/li><\/ul><\/div><div class=\"pricing-table-wrap\"><ul class='pricing-table '><li class='avia-heading-row'><div class='first-table-item'>Pieles sensibles<\/div><span class='pricing-extra'><\/span><\/li><li class=''>Si tu piel est\u00e1 enrojecida, inflamada o sientes picores, este es tu tratamiento. Una limpieza suave que elimina las impurezas de la piel, seguida de la aplicaci\u00f3n de una mascarilla de avena que calma las rojeces y reduce inmediatamente la inflamaci\u00f3n.<\/li><li class=''>60\u20ac<\/li><\/ul><\/div><\/div><br \/>\n<div  class='avia-table av-ltb189-6a59bf50cc6340f3b9ebca8fa030bf66 main_color avia-pricing-table-container avia_pricing_default  avia-builder-el-11  el_after_av_table  el_before_av_button  avia-table-2'  itemscope=\"itemscope\" itemtype=\"https:\/\/schema.org\/Table\" ><div class=\"pricing-table-wrap\"><ul class='pricing-table '><li class='avia-heading-row'><div class='first-table-item'>Pigmentaci\u00f3n irregular<\/div><span class='pricing-extra'><\/span><\/li><li class=''>Este tratamiento, combinado con la posterior aplicaci\u00f3n del producto apropiado en casa, regula la producci\u00f3n de pigmento a nivel celular, ayuda a equilibrar y a iluminar el tono de la piel.<\/li><li class=''>60\u20ac<\/li><\/ul><\/div><div class=\"pricing-table-wrap\"><ul class='pricing-table '><li class='avia-heading-row'><div class='first-table-item'>Revitalizante<\/div><span class='pricing-extra'><\/span><\/li><li class=''>Combinaci\u00f3n de vitaminas y exfoliantes con hidroxi\u00e1cidos para lograr una piel notablemente m\u00e1s firme, suave y luminosa.<\/li><li class=''>60\u20ac<\/li><\/ul><\/div><div class=\"pricing-table-wrap\"><ul class='pricing-table '><li class='avia-heading-row'><div class='first-table-item'>Antiaging<\/div><span class='pricing-extra'><\/span><\/li><li class=''>Consigue resultados inmediatos en tu piel con esta terapia tan efectiva, ideal para pieles con da\u00f1o solar, envejecidas prematuramente o secas, que necesitan una mayor nutrici\u00f3n, regeneraci\u00f3n y aporte de luminosidad.<\/li><li class=''>65\u20ac<\/li><\/ul><\/div><\/div><br \/>\n<div  class='avia-button-wrap av-32z9rd-eb33cb9b6ba85a63cb732ff8b3f8347a-wrap avia-button-left  avia-builder-el-12  el_after_av_table  el_before_av_heading '>\n<style type=\"text\/css\" data-created_by=\"avia_inline_auto\" id=\"style-css-av-32z9rd-eb33cb9b6ba85a63cb732ff8b3f8347a\">\n#top #wrap_all .avia-button.av-32z9rd-eb33cb9b6ba85a63cb732ff8b3f8347a{\nbackground-color:#d5d9cc;\nborder-color:#d5d9cc;\ncolor:#666666;\n-webkit-transition:all 0.4s ease-in-out;\n-moz-transition:all 0.4s ease-in-out;\n-ms-transition:all 0.4s ease-in-out;\n-o-transition:all 0.4s ease-in-out;\ntransition:all 0.4s ease-in-out;\n}\n<\/style>\n<a href='mailto:mailto:reserves@solsol.cat?subject=Tratamientos faciales'  class='avia-button av-32z9rd-eb33cb9b6ba85a63cb732ff8b3f8347a avia-icon_select-no avia-size-medium avia-position-left'  ><span class='avia_iconbox_title' >Reserva ahora<\/span><\/a><\/div><br \/>\n\n<style type=\"text\/css\" data-created_by=\"avia_inline_auto\" id=\"style-css-av-ljisjp4g-3c38ecc9b6aed321e313cf4c5fd7979a\">\n#top .av-special-heading.av-ljisjp4g-3c38ecc9b6aed321e313cf4c5fd7979a{\npadding-bottom:10px;\ncolor:#666666;\n}\nbody .av-special-heading.av-ljisjp4g-3c38ecc9b6aed321e313cf4c5fd7979a .av-special-heading-tag .heading-char{\nfont-size:25px;\n}\n.av-special-heading.av-ljisjp4g-3c38ecc9b6aed321e313cf4c5fd7979a .special-heading-inner-border{\nborder-color:#666666;\n}\n.av-special-heading.av-ljisjp4g-3c38ecc9b6aed321e313cf4c5fd7979a .av-subheading{\nfont-size:15px;\n}\n<\/style>\n<div  class='av-special-heading av-ljisjp4g-3c38ecc9b6aed321e313cf4c5fd7979a av-special-heading-h3 custom-color-heading blockquote modern-quote  avia-builder-el-13  el_after_av_button  el_before_av_table '><h3 class='av-special-heading-tag'  itemprop=\"headline\"  >Tratamientos con aparatos<\/h3><div class=\"special-heading-border\"><div class=\"special-heading-inner-border\"><\/div><\/div><\/div><br \/>\n<div  class='avia-table av-m306o9-b2499026c79dec492fbc575bfe0f348b main_color avia-pricing-table-container avia_pricing_default  avia-builder-el-14  el_after_av_heading  el_before_av_table  avia-table-3'  itemscope=\"itemscope\" itemtype=\"https:\/\/schema.org\/Table\" ><div class=\"pricing-table-wrap\"><ul class='pricing-table '><li class='avia-heading-row'><div class='first-table-item'>DIATERMIA<\/div><span class='pricing-extra'><\/span><\/li><li class=''>Resultados visibles desde la primera sesi\u00f3n sin necesidad de tratamientos invasivos y abrasivos.<\/li><li class=''>Flacidez y arrugas del rostro<br \/>\nTratamientos antiaging, l\u00edneas de expresi\u00f3n<br \/>\nReafirmaci\u00f3n y disminuci\u00f3n del doble ment\u00f3n<br \/>\nBolsas en los ojos.<\/li><li class=''>1 sessi\u00f3n: 45\u20ac<\/li><li class=''>Pack 3 sesiones: 125\u20ac<\/li><li class=''>Pack 6 sesiones: 240\u20ac<\/li><\/ul><\/div><\/div><br \/>\n<div  class='avia-table av-mcoh95-6c73af99fd4d9397ed1fbb66f42bd75a main_color avia-pricing-table-container avia_pricing_default  avia-builder-el-15  el_after_av_table  el_before_av_button  avia-table-4'  itemscope=\"itemscope\" itemtype=\"https:\/\/schema.org\/Table\" ><div class=\"pricing-table-wrap\"><ul class='pricing-table '><li class='avia-heading-row'><div class='first-table-item'>IPL<\/div><span class='pricing-extra'><\/span><\/li><li class=''>Rejuvenecimiento facial<\/li><li class=''>ctivaci\u00f3n del col\u00e1geno y de la elastina<br \/>\nRegeneraci\u00f3n celular<\/li><li class=''>1 sessi\u00f3n: 45\u20ac<\/li><li class=''>Pack 3 sesiones: 125\u20ac<\/li><li class=''>Pack 6 sesiones: 240\u20ac<\/li><\/ul><\/div><\/div><br \/>\n<div  class='avia-button-wrap av-ljispyy9-52958cf1c18faca1eac1b496a53664df-wrap avia-button-left  avia-builder-el-16  el_after_av_table  avia-builder-el-last '>\n<style type=\"text\/css\" data-created_by=\"avia_inline_auto\" id=\"style-css-av-ljispyy9-52958cf1c18faca1eac1b496a53664df\">\n#top #wrap_all .avia-button.av-ljispyy9-52958cf1c18faca1eac1b496a53664df{\nbackground-color:#d5d9cc;\nborder-color:#d5d9cc;\ncolor:#666666;\n-webkit-transition:all 0.4s ease-in-out;\n-moz-transition:all 0.4s ease-in-out;\n-ms-transition:all 0.4s ease-in-out;\n-o-transition:all 0.4s ease-in-out;\ntransition:all 0.4s ease-in-out;\n}\n<\/style>\n<a href='mailto:mailto:reserves@solsol.cat?subject=IPL'  class='avia-button av-ljispyy9-52958cf1c18faca1eac1b496a53664df avia-icon_select-no avia-size-medium avia-position-left'  ><span class='avia_iconbox_title' >Reserva ahora<\/span><\/a><\/div><\/p><\/div><\/div><\/div><\/main><!-- close content main element --><\/div><\/div><div id='after_section_1'  class='main_color av_default_container_wrap container_wrap sidebar_right'  ><div class='container av-section-cont-open' ><div class='template-page content  av-content-small alpha units'><div class='post-entry post-entry-type-page post-entry-3834'><div class='entry-content-wrapper clearfix'>\n","protected":false},"excerpt":{"rendered":"","protected":false},"author":1,"featured_media":0,"parent":0,"menu_order":0,"comment_status":"closed","ping_status":"closed","template":"","meta":{"footnotes":""},"class_list":["post-3834","page","type-page","status-publish","hentry"],"_links":{"self":[{"href":"https:\/\/solsol.cat\/es\/wp-json\/wp\/v2\/pages\/3834","targetHints":{"allow":["GET"]}}],"collection":[{"href":"https:\/\/solsol.cat\/es\/wp-json\/wp\/v2\/pages"}],"about":[{"href":"https:\/\/solsol.cat\/es\/wp-json\/wp\/v2\/types\/page"}],"author":[{"embeddable":true,"href":"https:\/\/solsol.cat\/es\/wp-json\/wp\/v2\/users\/1"}],"replies":[{"embeddable":true,"href":"https:\/\/solsol.cat\/es\/wp-json\/wp\/v2\/comments?post=3834"}],"version-history":[{"count":2,"href":"https:\/\/solsol.cat\/es\/wp-json\/wp\/v2\/pages\/3834\/revisions"}],"predecessor-version":[{"id":3836,"href":"https:\/\/solsol.cat\/es\/wp-json\/wp\/v2\/pages\/3834\/revisions\/3836"}],"wp:attachment":[{"href":"https:\/\/solsol.cat\/es\/wp-json\/wp\/v2\/media?parent=3834"}],"curies":[{"name":"wp","href":"https:\/\/api.w.org\/{rel}","templated":true}]}}