{"id":3837,"date":"2023-06-30T11:26:19","date_gmt":"2023-06-30T09:26:19","guid":{"rendered":"https:\/\/solsol.cat\/tratamientos-expres\/"},"modified":"2023-07-04T10:48:55","modified_gmt":"2023-07-04T08:48:55","slug":"tratamientos-expres","status":"publish","type":"page","link":"https:\/\/solsol.cat\/es\/tratamientos-expres\/","title":{"rendered":"Tratamientos expr\u00e9s"},"content":{"rendered":"\n<style type=\"text\/css\" data-created_by=\"avia_inline_auto\" id=\"style-css-av-15q4xkr-8e517a92a9e76dece3395cc472e61f59\">\n.avia-section.av-15q4xkr-8e517a92a9e76dece3395cc472e61f59{\nbackground-color:#ffffff;\nbackground-image:unset;\n}\n<\/style>\n<div id='av_section_1'  class='avia-section av-15q4xkr-8e517a92a9e76dece3395cc472e61f59 main_color avia-section-default avia-no-border-styling  avia-builder-el-0  avia-builder-el-no-sibling  avia-bg-style-scroll container_wrap sidebar_right'  ><div class='container av-section-cont-open' ><main  role=\"main\" itemprop=\"mainContentOfPage\"  class='template-page content  av-content-small alpha units'><div class='post-entry post-entry-type-page post-entry-3837'><div class='entry-content-wrapper clearfix'>\n<div  class='flex_column av-enjsr-1bb4e7be8da26117920e8ddba1dd98d3 av_one_third  avia-builder-el-1  el_before_av_two_third  avia-builder-el-first  first flex_column_div  '     ><p>\n<style type=\"text\/css\" data-created_by=\"avia_inline_auto\" id=\"style-css-av-ljisrwqq-d1bf86aa2d2da5bf315bbb2032656866\">\n.avia-image-container.av-ljisrwqq-d1bf86aa2d2da5bf315bbb2032656866 img.avia_image{\nbox-shadow:none;\n}\n.avia-image-container.av-ljisrwqq-d1bf86aa2d2da5bf315bbb2032656866 .av-image-caption-overlay-center{\ncolor:#ffffff;\n}\n<\/style>\n<div  class='avia-image-container av-ljisrwqq-d1bf86aa2d2da5bf315bbb2032656866 av-styling- avia-align-center  avia-builder-el-2  el_before_av_image  avia-builder-el-first '   itemprop=\"image\" itemscope=\"itemscope\" itemtype=\"https:\/\/schema.org\/ImageObject\" ><div class=\"avia-image-container-inner\"><div class=\"avia-image-overlay-wrap\"><img decoding=\"async\" class='wp-image-3628 avia-img-lazy-loading-not-3628 avia_image ' src=\"https:\/\/solsol.cat\/wp-content\/uploads\/2023\/06\/10OK2.jpg\" alt='' title='10OK2'  height=\"627\" width=\"628\"  itemprop=\"thumbnailUrl\" srcset=\"https:\/\/solsol.cat\/wp-content\/uploads\/2023\/06\/10OK2.jpg 628w, https:\/\/solsol.cat\/wp-content\/uploads\/2023\/06\/10OK2-300x300.jpg 300w, https:\/\/solsol.cat\/wp-content\/uploads\/2023\/06\/10OK2-150x150.jpg 150w, https:\/\/solsol.cat\/wp-content\/uploads\/2023\/06\/10OK2-36x36.jpg 36w, https:\/\/solsol.cat\/wp-content\/uploads\/2023\/06\/10OK2-180x180.jpg 180w\" sizes=\"(max-width: 628px) 100vw, 628px\" \/><\/div><\/div><\/div><br \/>\n\n<style type=\"text\/css\" data-created_by=\"avia_inline_auto\" id=\"style-css-av-ljissar6-f53d2b7c4b27559fbee680e6020deca4\">\n.avia-image-container.av-ljissar6-f53d2b7c4b27559fbee680e6020deca4 img.avia_image{\nbox-shadow:none;\n}\n.avia-image-container.av-ljissar6-f53d2b7c4b27559fbee680e6020deca4 .av-image-caption-overlay-center{\ncolor:#ffffff;\n}\n<\/style>\n<div  class='avia-image-container av-ljissar6-f53d2b7c4b27559fbee680e6020deca4 av-styling- avia-align-center  avia-builder-el-3  el_after_av_image  avia-builder-el-last '   itemprop=\"image\" itemscope=\"itemscope\" itemtype=\"https:\/\/schema.org\/ImageObject\" ><div class=\"avia-image-container-inner\"><div class=\"avia-image-overlay-wrap\"><img decoding=\"async\" class='wp-image-3630 avia-img-lazy-loading-not-3630 avia_image ' src=\"https:\/\/solsol.cat\/wp-content\/uploads\/2023\/06\/Tractaments-expres-ok1-int.jpg\" alt='' title='dv088059a'  height=\"430\" width=\"397\"  itemprop=\"thumbnailUrl\" srcset=\"https:\/\/solsol.cat\/wp-content\/uploads\/2023\/06\/Tractaments-expres-ok1-int.jpg 397w, https:\/\/solsol.cat\/wp-content\/uploads\/2023\/06\/Tractaments-expres-ok1-int-277x300.jpg 277w\" sizes=\"(max-width: 397px) 100vw, 397px\" \/><\/div><\/div><\/div><\/p><\/div><div  class='flex_column av-3vusln-7c91f36b03315a94025c67a325936424 av_two_third  avia-builder-el-4  el_after_av_one_third  avia-builder-el-last  flex_column_div  '     ><p>\n<style type=\"text\/css\" data-created_by=\"avia_inline_auto\" id=\"style-css-av-ljissspy-0d1deffb310aa720f52e1e8a0ac1f972\">\n#top .av-special-heading.av-ljissspy-0d1deffb310aa720f52e1e8a0ac1f972{\npadding-bottom:10px;\ncolor:#d5d9cc;\n}\nbody .av-special-heading.av-ljissspy-0d1deffb310aa720f52e1e8a0ac1f972 .av-special-heading-tag .heading-char{\nfont-size:25px;\n}\n.av-special-heading.av-ljissspy-0d1deffb310aa720f52e1e8a0ac1f972 .special-heading-inner-border{\nborder-color:#d5d9cc;\n}\n.av-special-heading.av-ljissspy-0d1deffb310aa720f52e1e8a0ac1f972 .av-subheading{\nfont-size:15px;\n}\n<\/style>\n<div  class='av-special-heading av-ljissspy-0d1deffb310aa720f52e1e8a0ac1f972 av-special-heading-h2 custom-color-heading blockquote modern-quote  avia-builder-el-5  el_before_av_textblock  avia-builder-el-first '><h2 class='av-special-heading-tag'  itemprop=\"headline\"  >Tratamientos expr\u00e9s<\/h2><div class=\"special-heading-border\"><div class=\"special-heading-inner-border\"><\/div><\/div><\/div><br \/>\n\n<style type=\"text\/css\" data-created_by=\"avia_inline_auto\" id=\"style-css-av-ljist2c3-bd7f729d24de6fa655ad234c97d6af86\">\n#top .av_textblock_section.av-ljist2c3-bd7f729d24de6fa655ad234c97d6af86 .avia_textblock{\ncolor:#666666;\n}\n<\/style>\n<section  class='av_textblock_section av-ljist2c3-bd7f729d24de6fa655ad234c97d6af86 '   itemscope=\"itemscope\" itemtype=\"https:\/\/schema.org\/CreativeWork\" ><div class='avia_textblock av_inherit_color'  itemprop=\"text\" ><p>Pensados para personas que disponen de poco tiempo y quieren resultados inmediatos.<\/p>\n<p><strong>Duraci\u00f3n 30 minutos, precio 35\u20ac<\/strong><\/p>\n<\/div><\/section><br \/>\n<div  class='avia-table av-11wsvgr-1d9403b2539e880d7b658f0b96f6b616 main_color avia-pricing-table-container avia_pricing_default  avia-builder-el-7  el_after_av_textblock  el_before_av_table  avia-table-1'  itemscope=\"itemscope\" itemtype=\"https:\/\/schema.org\/Table\" ><div class=\"pricing-table-wrap\"><ul class='pricing-table '><li class='avia-heading-row'><div class='first-table-item'>Facial expr\u00e9s<\/div><span class='pricing-extra'><\/span><\/li><li class=''>Un primer contacto con nuestros profesionales para conseguir los mejores resultados en un tiempo reducido, una lecci\u00f3n para aprender a cuidar nuestra piel y prepararla r\u00e1pidamente para cualquier evento especial.<\/li><\/ul><\/div><div class=\"pricing-table-wrap\"><ul class='pricing-table '><li class='avia-heading-row'><div class='first-table-item'>Iluminador facial<\/div><span class='pricing-extra'><\/span><\/li><li class=''>eafirma, tonifica e ilumina la piel apagada con este intenso tratamiento. C\u00f3ctel nutritivo de vitaminas y extractos reafirmantes.<\/li><\/ul><\/div><div class=\"pricing-table-wrap\"><ul class='pricing-table '><li class='avia-heading-row'><div class='first-table-item'>Despigmentador<\/div><span class='pricing-extra'><\/span><\/li><li class=''>Regula la producci\u00f3n de pigmento y ayuda a equilibrar la piel.<\/li><\/ul><\/div><div class=\"pricing-table-wrap\"><ul class='pricing-table '><li class='avia-heading-row'><div class='first-table-item'>Revitalizador de ojos<\/div><span class='pricing-extra'><\/span><\/li><li class=''>Dise\u00f1ado para reafirmar y tonificar la zona de los ojos, ayuda a reducir las peque\u00f1as arrugas, las bolsas y revitaliza los ojos cansados, con la combinaci\u00f3n \u00fanica de vitaminas y plantas reafirmantes.<\/li><\/ul><\/div><\/div><br \/>\n<div  class='avia-table av-j70efv-4de0653ec47f2e8a9bad7d9a0a41c827 main_color avia-pricing-table-container avia_pricing_default  avia-builder-el-8  el_after_av_table  el_before_av_button  avia-table-2'  itemscope=\"itemscope\" itemtype=\"https:\/\/schema.org\/Table\" ><div class=\"pricing-table-wrap\"><ul class='pricing-table '><li class='avia-heading-row'><div class='first-table-item'>Renovaci\u00f3n labial<\/div><span class='pricing-extra'><\/span><\/li><li class=''>Suaviza, condiciona y repara los labios secos y \u00e1speros.<\/li><\/ul><\/div><div class=\"pricing-table-wrap\"><ul class='pricing-table '><li class='avia-heading-row'><div class='first-table-item'>Purificador de espalda<\/div><span class='pricing-extra'><\/span><\/li><li class=''>Elimina las impurezas de la piel a la vez que relaja los m\u00fasculos y libera el estr\u00e9s.<\/li><\/ul><\/div><div class=\"pricing-table-wrap\"><ul class='pricing-table '><li class='avia-heading-row'><div class='first-table-item'>Facial (S\u00f3lo hombres)<\/div><span class='pricing-extra'><\/span><\/li><li class=''>Descongestionador para tratar las pieles con tendencias a los puntos negros.<\/li><\/ul><\/div><div class=\"pricing-table-wrap\"><ul class='pricing-table '><li class='avia-heading-row'><div class='first-table-item'>Facial calmante (s\u00f3lo hombres)<\/div><span class='pricing-extra'><\/span><\/li><li class=''>Para pieles irritadas alrededor de la barba y los pelos enquistados.<\/li><\/ul><\/div><\/div><br \/>\n<div  class='avia-button-wrap av-ljisxtje-55a6c4af46820d8310c473db1b4fdd8b-wrap avia-button-left  avia-builder-el-9  el_after_av_table  avia-builder-el-last '>\n<style type=\"text\/css\" data-created_by=\"avia_inline_auto\" id=\"style-css-av-ljisxtje-55a6c4af46820d8310c473db1b4fdd8b\">\n#top #wrap_all .avia-button.av-ljisxtje-55a6c4af46820d8310c473db1b4fdd8b{\nbackground-color:#d5d9cc;\nborder-color:#d5d9cc;\ncolor:#666666;\n-webkit-transition:all 0.4s ease-in-out;\n-moz-transition:all 0.4s ease-in-out;\n-ms-transition:all 0.4s ease-in-out;\n-o-transition:all 0.4s ease-in-out;\ntransition:all 0.4s ease-in-out;\n}\n<\/style>\n<a href='mailto:mailto:reserves@solsol.cat?subject=Tratamientos expr\u00e9s'  class='avia-button av-ljisxtje-55a6c4af46820d8310c473db1b4fdd8b avia-icon_select-no avia-size-medium avia-position-left'  ><span class='avia_iconbox_title' >Reserva ahora<\/span><\/a><\/div><\/p><\/div><\/div><\/div><\/main><!-- close content main element --><\/div><\/div><div id='after_section_1'  class='main_color av_default_container_wrap container_wrap sidebar_right'  ><div class='container av-section-cont-open' ><div class='template-page content  av-content-small alpha units'><div class='post-entry post-entry-type-page post-entry-3837'><div class='entry-content-wrapper clearfix'>\n","protected":false},"excerpt":{"rendered":"","protected":false},"author":1,"featured_media":0,"parent":0,"menu_order":0,"comment_status":"closed","ping_status":"closed","template":"","meta":{"footnotes":""},"class_list":["post-3837","page","type-page","status-publish","hentry"],"_links":{"self":[{"href":"https:\/\/solsol.cat\/es\/wp-json\/wp\/v2\/pages\/3837","targetHints":{"allow":["GET"]}}],"collection":[{"href":"https:\/\/solsol.cat\/es\/wp-json\/wp\/v2\/pages"}],"about":[{"href":"https:\/\/solsol.cat\/es\/wp-json\/wp\/v2\/types\/page"}],"author":[{"embeddable":true,"href":"https:\/\/solsol.cat\/es\/wp-json\/wp\/v2\/users\/1"}],"replies":[{"embeddable":true,"href":"https:\/\/solsol.cat\/es\/wp-json\/wp\/v2\/comments?post=3837"}],"version-history":[{"count":2,"href":"https:\/\/solsol.cat\/es\/wp-json\/wp\/v2\/pages\/3837\/revisions"}],"predecessor-version":[{"id":3839,"href":"https:\/\/solsol.cat\/es\/wp-json\/wp\/v2\/pages\/3837\/revisions\/3839"}],"wp:attachment":[{"href":"https:\/\/solsol.cat\/es\/wp-json\/wp\/v2\/media?parent=3837"}],"curies":[{"name":"wp","href":"https:\/\/api.w.org\/{rel}","templated":true}]}}