{"id":3840,"date":"2023-06-30T11:26:50","date_gmt":"2023-06-30T09:26:50","guid":{"rendered":"https:\/\/solsol.cat\/tratamientos-de-adelgazamiento\/"},"modified":"2023-07-04T10:52:13","modified_gmt":"2023-07-04T08:52:13","slug":"tratamientos-de-adelgazamiento","status":"publish","type":"page","link":"https:\/\/solsol.cat\/es\/tratamientos-de-adelgazamiento\/","title":{"rendered":"Tratamientos de adelgazamiento"},"content":{"rendered":"\n<style type=\"text\/css\" data-created_by=\"avia_inline_auto\" id=\"style-css-av-93hrm5-51ff411b69c3db3c2f47d144d3637788\">\n.avia-section.av-93hrm5-51ff411b69c3db3c2f47d144d3637788{\nbackground-color:#ffffff;\nbackground-image:unset;\n}\n<\/style>\n<div id='av_section_1'  class='avia-section av-93hrm5-51ff411b69c3db3c2f47d144d3637788 main_color avia-section-default avia-no-border-styling  avia-builder-el-0  avia-builder-el-no-sibling  avia-bg-style-scroll container_wrap sidebar_right'  ><div class='container av-section-cont-open' ><main  role=\"main\" itemprop=\"mainContentOfPage\"  class='template-page content  av-content-small alpha units'><div class='post-entry post-entry-type-page post-entry-3840'><div class='entry-content-wrapper clearfix'>\n<div  class='flex_column av-84gmdp-b50247f9f419c58b8fb7556636c19484 av_one_third  avia-builder-el-1  el_before_av_one_third  avia-builder-el-first  first flex_column_div  '     ><style type=\"text\/css\" data-created_by=\"avia_inline_auto\" id=\"style-css-av-ljit0sm1-2e2750a4abe1d3e8be013bc702b0d68f\">\n.avia-image-container.av-ljit0sm1-2e2750a4abe1d3e8be013bc702b0d68f img.avia_image{\nbox-shadow:none;\n}\n.avia-image-container.av-ljit0sm1-2e2750a4abe1d3e8be013bc702b0d68f .av-image-caption-overlay-center{\ncolor:#ffffff;\n}\n<\/style>\n<div  class='avia-image-container av-ljit0sm1-2e2750a4abe1d3e8be013bc702b0d68f av-styling- avia-align-center  avia-builder-el-2  avia-builder-el-no-sibling '   itemprop=\"image\" itemscope=\"itemscope\" itemtype=\"https:\/\/schema.org\/ImageObject\" ><div class=\"avia-image-container-inner\"><div class=\"avia-image-overlay-wrap\"><img decoding=\"async\" class='wp-image-3632 avia-img-lazy-loading-not-3632 avia_image ' src=\"https:\/\/solsol.cat\/wp-content\/uploads\/2023\/06\/Tractaments-daprimament-int.jpg\" alt='' title='Tractaments-daprimament-int'  height=\"1812\" width=\"1200\"  itemprop=\"thumbnailUrl\" srcset=\"https:\/\/solsol.cat\/wp-content\/uploads\/2023\/06\/Tractaments-daprimament-int.jpg 1200w, https:\/\/solsol.cat\/wp-content\/uploads\/2023\/06\/Tractaments-daprimament-int-199x300.jpg 199w, https:\/\/solsol.cat\/wp-content\/uploads\/2023\/06\/Tractaments-daprimament-int-678x1024.jpg 678w, https:\/\/solsol.cat\/wp-content\/uploads\/2023\/06\/Tractaments-daprimament-int-768x1160.jpg 768w, https:\/\/solsol.cat\/wp-content\/uploads\/2023\/06\/Tractaments-daprimament-int-1017x1536.jpg 1017w, https:\/\/solsol.cat\/wp-content\/uploads\/2023\/06\/Tractaments-daprimament-int-993x1500.jpg 993w, https:\/\/solsol.cat\/wp-content\/uploads\/2023\/06\/Tractaments-daprimament-int-467x705.jpg 467w\" sizes=\"(max-width: 1200px) 100vw, 1200px\" \/><\/div><\/div><\/div><\/div><div  class='flex_column av-4vvqf1-1729416ad9fcdf85fae68bf019e735a8 av_one_third  avia-builder-el-3  el_after_av_one_third  el_before_av_one_third  flex_column_div  '     ><p>\n<style type=\"text\/css\" data-created_by=\"avia_inline_auto\" id=\"style-css-av-ljit1jw3-8d9f2af4d158c3412f9635ba5d208471\">\n#top .av-special-heading.av-ljit1jw3-8d9f2af4d158c3412f9635ba5d208471{\npadding-bottom:10px;\ncolor:#d5d9cc;\n}\nbody .av-special-heading.av-ljit1jw3-8d9f2af4d158c3412f9635ba5d208471 .av-special-heading-tag .heading-char{\nfont-size:25px;\n}\n.av-special-heading.av-ljit1jw3-8d9f2af4d158c3412f9635ba5d208471 .special-heading-inner-border{\nborder-color:#d5d9cc;\n}\n.av-special-heading.av-ljit1jw3-8d9f2af4d158c3412f9635ba5d208471 .av-subheading{\nfont-size:15px;\n}\n<\/style>\n<div  class='av-special-heading av-ljit1jw3-8d9f2af4d158c3412f9635ba5d208471 av-special-heading-h2 custom-color-heading blockquote modern-quote  avia-builder-el-4  el_before_av_heading  avia-builder-el-first '><h2 class='av-special-heading-tag'  itemprop=\"headline\"  >Tratamientos de adelgazamiento<\/h2><div class=\"special-heading-border\"><div class=\"special-heading-inner-border\"><\/div><\/div><\/div><br \/>\n\n<style type=\"text\/css\" data-created_by=\"avia_inline_auto\" id=\"style-css-av-ljit25cw-f8f96594dad0443259dc9eb94664d29f\">\n#top .av-special-heading.av-ljit25cw-f8f96594dad0443259dc9eb94664d29f{\npadding-bottom:10px;\ncolor:#666666;\n}\nbody .av-special-heading.av-ljit25cw-f8f96594dad0443259dc9eb94664d29f .av-special-heading-tag .heading-char{\nfont-size:25px;\n}\n.av-special-heading.av-ljit25cw-f8f96594dad0443259dc9eb94664d29f .special-heading-inner-border{\nborder-color:#666666;\n}\n.av-special-heading.av-ljit25cw-f8f96594dad0443259dc9eb94664d29f .av-subheading{\nfont-size:15px;\n}\n<\/style>\n<div  class='av-special-heading av-ljit25cw-f8f96594dad0443259dc9eb94664d29f av-special-heading-h3 custom-color-heading blockquote modern-quote  avia-builder-el-5  el_after_av_heading  el_before_av_textblock '><h3 class='av-special-heading-tag'  itemprop=\"headline\"  >Tratamiento de talasoterapia<\/h3><div class=\"special-heading-border\"><div class=\"special-heading-inner-border\"><\/div><\/div><\/div><br \/>\n\n<style type=\"text\/css\" data-created_by=\"avia_inline_auto\" id=\"style-css-av-ljit2frw-f6dca09c402da4a81810f1e8c07519db\">\n#top .av_textblock_section.av-ljit2frw-f6dca09c402da4a81810f1e8c07519db .avia_textblock{\ncolor:#666666;\n}\n<\/style>\n<section  class='av_textblock_section av-ljit2frw-f6dca09c402da4a81810f1e8c07519db '   itemscope=\"itemscope\" itemtype=\"https:\/\/schema.org\/CreativeWork\" ><div class='avia_textblock av_inherit_color'  itemprop=\"text\" ><p>La talasoterapia proviene del griego <em>thalasso<\/em> (mar) y <em>therapia<\/em> (cuidado). Es un tratamiento terap\u00e9utico basado en la utilizaci\u00f3n de agua de mar y algas portadoras de gran cantidad de vitaminas y minerales. La talasoterapia mejora los tejidos, combate la flacidez, la celulitis y retrasa el envejecimiento de la piel.<\/p>\n<p><strong><a href=\"https:\/\/solsol.cat\/serveis\/tractaments-daprimament\/tractaments-de-talassoterapia\/\">+ informaci\u00f3n<\/a><\/strong><\/p>\n<\/div><\/section><\/p><\/div><div  class='flex_column av-34rcv1-cda731c0b87c18f4e5d71b798f69b55e av_one_third  avia-builder-el-7  el_after_av_one_third  avia-builder-el-last  flex_column_div  '     ><p>\n<style type=\"text\/css\" data-created_by=\"avia_inline_auto\" id=\"style-css-av-ljit49n7-b6ccb56fc3d7296c9c6dbe6795c4458f\">\n#top .hr.hr-invisible.av-ljit49n7-b6ccb56fc3d7296c9c6dbe6795c4458f{\nheight:65px;\n}\n<\/style>\n<div  class='hr av-ljit49n7-b6ccb56fc3d7296c9c6dbe6795c4458f hr-invisible  avia-builder-el-8  el_before_av_heading  avia-builder-el-first '><span class='hr-inner '><span class=\"hr-inner-style\"><\/span><\/span><\/div><br \/>\n\n<style type=\"text\/css\" data-created_by=\"avia_inline_auto\" id=\"style-css-av-ljit2yi9-629a850ac9728a20b0e141055d2e3429\">\n#top .av-special-heading.av-ljit2yi9-629a850ac9728a20b0e141055d2e3429{\npadding-bottom:10px;\ncolor:#666666;\n}\nbody .av-special-heading.av-ljit2yi9-629a850ac9728a20b0e141055d2e3429 .av-special-heading-tag .heading-char{\nfont-size:25px;\n}\n.av-special-heading.av-ljit2yi9-629a850ac9728a20b0e141055d2e3429 .special-heading-inner-border{\nborder-color:#666666;\n}\n.av-special-heading.av-ljit2yi9-629a850ac9728a20b0e141055d2e3429 .av-subheading{\nfont-size:15px;\n}\n<\/style>\n<div  class='av-special-heading av-ljit2yi9-629a850ac9728a20b0e141055d2e3429 av-special-heading-h3 custom-color-heading blockquote modern-quote  avia-builder-el-9  el_after_av_hr  el_before_av_textblock '><h3 class='av-special-heading-tag'  itemprop=\"headline\"  >Tratamiento con aparatos<\/h3><div class=\"special-heading-border\"><div class=\"special-heading-inner-border\"><\/div><\/div><\/div><br \/>\n\n<style type=\"text\/css\" data-created_by=\"avia_inline_auto\" id=\"style-css-av-ljit37a5-a5a9abdf7721f3448b573a44bdaa1d9e\">\n#top .av_textblock_section.av-ljit37a5-a5a9abdf7721f3448b573a44bdaa1d9e .avia_textblock{\ncolor:#666666;\n}\n<\/style>\n<section  class='av_textblock_section av-ljit37a5-a5a9abdf7721f3448b573a44bdaa1d9e '   itemscope=\"itemscope\" itemtype=\"https:\/\/schema.org\/CreativeWork\" ><div class='avia_textblock av_inherit_color'  itemprop=\"text\" ><p>Si quieres lograr tus objetivos, d\u00e9jate aconsejar por el terapeuta, dise\u00f1ar\u00e1 un programa personalizado para ti.<\/p>\n<p><strong><a href=\"https:\/\/solsol.cat\/serveis\/tractaments-daprimament\/tractament-amb-aparells\/\">+ informaci\u00f3n<\/a><\/strong><\/p>\n<p><strong> <\/strong><\/p>\n<\/div><\/section><\/p><\/div><\/div><\/div><\/main><!-- close content main element --><\/div><\/div><div id='after_section_1'  class='main_color av_default_container_wrap container_wrap sidebar_right'  ><div class='container av-section-cont-open' ><div class='template-page content  av-content-small alpha units'><div class='post-entry post-entry-type-page post-entry-3840'><div class='entry-content-wrapper clearfix'>\n","protected":false},"excerpt":{"rendered":"","protected":false},"author":1,"featured_media":0,"parent":0,"menu_order":0,"comment_status":"closed","ping_status":"closed","template":"","meta":{"footnotes":""},"class_list":["post-3840","page","type-page","status-publish","hentry"],"_links":{"self":[{"href":"https:\/\/solsol.cat\/es\/wp-json\/wp\/v2\/pages\/3840","targetHints":{"allow":["GET"]}}],"collection":[{"href":"https:\/\/solsol.cat\/es\/wp-json\/wp\/v2\/pages"}],"about":[{"href":"https:\/\/solsol.cat\/es\/wp-json\/wp\/v2\/types\/page"}],"author":[{"embeddable":true,"href":"https:\/\/solsol.cat\/es\/wp-json\/wp\/v2\/users\/1"}],"replies":[{"embeddable":true,"href":"https:\/\/solsol.cat\/es\/wp-json\/wp\/v2\/comments?post=3840"}],"version-history":[{"count":2,"href":"https:\/\/solsol.cat\/es\/wp-json\/wp\/v2\/pages\/3840\/revisions"}],"predecessor-version":[{"id":3842,"href":"https:\/\/solsol.cat\/es\/wp-json\/wp\/v2\/pages\/3840\/revisions\/3842"}],"wp:attachment":[{"href":"https:\/\/solsol.cat\/es\/wp-json\/wp\/v2\/media?parent=3840"}],"curies":[{"name":"wp","href":"https:\/\/api.w.org\/{rel}","templated":true}]}}