{"id":3846,"date":"2023-06-30T11:27:56","date_gmt":"2023-06-30T09:27:56","guid":{"rendered":"https:\/\/solsol.cat\/tratamientos-de-adelgazamiento\/tratamiento-con-aparatos\/"},"modified":"2023-07-04T11:07:23","modified_gmt":"2023-07-04T09:07:23","slug":"tratamiento-con-aparatos","status":"publish","type":"page","link":"https:\/\/solsol.cat\/es\/tratamientos-de-adelgazamiento\/tratamiento-con-aparatos\/","title":{"rendered":"Tratamiento con aparatos"},"content":{"rendered":"\n<style type=\"text\/css\" data-created_by=\"avia_inline_auto\" id=\"style-css-av-146z4du-aa9733679b42f5a2c0de3986cf2cc31e\">\n.avia-section.av-146z4du-aa9733679b42f5a2c0de3986cf2cc31e{\nbackground-color:#ffffff;\nbackground-image:unset;\n}\n<\/style>\n<div id='av_section_1'  class='avia-section av-146z4du-aa9733679b42f5a2c0de3986cf2cc31e main_color avia-section-default avia-no-border-styling  avia-builder-el-0  avia-builder-el-no-sibling  avia-bg-style-scroll container_wrap sidebar_right'  ><div class='container av-section-cont-open' ><main  role=\"main\" itemprop=\"mainContentOfPage\"  class='template-page content  av-content-small alpha units'><div class='post-entry post-entry-type-page post-entry-3846'><div class='entry-content-wrapper clearfix'>\n<div  class='flex_column av-13929rm-f6a42b5d97c17aabe64faf80944bef44 av_one_half  avia-builder-el-1  el_before_av_one_half  avia-builder-el-first  first flex_column_div  '     ><style type=\"text\/css\" data-created_by=\"avia_inline_auto\" id=\"style-css-av-ljitwedh-16162588bdf973fb702062c9cf5a5560\">\n.avia-image-container.av-ljitwedh-16162588bdf973fb702062c9cf5a5560 img.avia_image{\nbox-shadow:none;\n}\n.avia-image-container.av-ljitwedh-16162588bdf973fb702062c9cf5a5560 .av-image-caption-overlay-center{\ncolor:#ffffff;\n}\n<\/style>\n<div  class='avia-image-container av-ljitwedh-16162588bdf973fb702062c9cf5a5560 av-styling- avia-align-center  avia-builder-el-2  avia-builder-el-no-sibling '   itemprop=\"image\" itemscope=\"itemscope\" itemtype=\"https:\/\/schema.org\/ImageObject\" ><div class=\"avia-image-container-inner\"><div class=\"avia-image-overlay-wrap\"><img decoding=\"async\" class='wp-image-3636 avia-img-lazy-loading-not-3636 avia_image ' src=\"https:\/\/solsol.cat\/wp-content\/uploads\/2023\/06\/Tractaments-daprimament4-int.jpg\" alt='' title='Tractaments-daprimament4-int'  height=\"900\" width=\"1200\"  itemprop=\"thumbnailUrl\" srcset=\"https:\/\/solsol.cat\/wp-content\/uploads\/2023\/06\/Tractaments-daprimament4-int.jpg 1200w, https:\/\/solsol.cat\/wp-content\/uploads\/2023\/06\/Tractaments-daprimament4-int-300x225.jpg 300w, https:\/\/solsol.cat\/wp-content\/uploads\/2023\/06\/Tractaments-daprimament4-int-1024x768.jpg 1024w, https:\/\/solsol.cat\/wp-content\/uploads\/2023\/06\/Tractaments-daprimament4-int-768x576.jpg 768w, https:\/\/solsol.cat\/wp-content\/uploads\/2023\/06\/Tractaments-daprimament4-int-705x529.jpg 705w\" sizes=\"(max-width: 1200px) 100vw, 1200px\" \/><\/div><\/div><\/div><\/div><div  class='flex_column av-110obo2-e08c8db9f5572dbde1f0a8476324abdb av_one_half  avia-builder-el-3  el_after_av_one_half  el_before_av_one_half  flex_column_div  '     ><p>\n<style type=\"text\/css\" data-created_by=\"avia_inline_auto\" id=\"style-css-av-ljitwx7n-a1013476532245bda44e4778e9f35f8c\">\n#top .av-special-heading.av-ljitwx7n-a1013476532245bda44e4778e9f35f8c{\npadding-bottom:10px;\ncolor:#d5d9cc;\n}\nbody .av-special-heading.av-ljitwx7n-a1013476532245bda44e4778e9f35f8c .av-special-heading-tag .heading-char{\nfont-size:25px;\n}\n.av-special-heading.av-ljitwx7n-a1013476532245bda44e4778e9f35f8c .special-heading-inner-border{\nborder-color:#d5d9cc;\n}\n.av-special-heading.av-ljitwx7n-a1013476532245bda44e4778e9f35f8c .av-subheading{\nfont-size:15px;\n}\n<\/style>\n<div  class='av-special-heading av-ljitwx7n-a1013476532245bda44e4778e9f35f8c av-special-heading-h2 custom-color-heading blockquote modern-quote  avia-builder-el-4  el_before_av_textblock  avia-builder-el-first '><h2 class='av-special-heading-tag'  itemprop=\"headline\"  >Tratamiento con aparatos<\/h2><div class=\"special-heading-border\"><div class=\"special-heading-inner-border\"><\/div><\/div><\/div><br \/>\n\n<style type=\"text\/css\" data-created_by=\"avia_inline_auto\" id=\"style-css-av-ljitx69i-1e1e8d165152ffdcf55704e78b05e049\">\n#top .av_textblock_section.av-ljitx69i-1e1e8d165152ffdcf55704e78b05e049 .avia_textblock{\ncolor:#666666;\n}\n<\/style>\n<section  class='av_textblock_section av-ljitx69i-1e1e8d165152ffdcf55704e78b05e049 '   itemscope=\"itemscope\" itemtype=\"https:\/\/schema.org\/CreativeWork\" ><div class='avia_textblock av_inherit_color'  itemprop=\"text\" ><p>Si quieres lograr tus objetivos, d\u00e9jate aconsejar por el terapeuta, dise\u00f1ar\u00e1 un programa personalizado para ti.<\/p>\n<\/div><\/section><br \/>\n<div  class='avia-table av-cu6eq-f24ba2b5de9839b6b731d5fe951f810c main_color avia-pricing-table-container avia_pricing_default  avia-builder-el-6  el_after_av_textblock  avia-builder-el-last  avia-table-1'  itemscope=\"itemscope\" itemtype=\"https:\/\/schema.org\/Table\" ><div class=\"pricing-table-wrap\"><ul class='pricing-table '><li class='avia-heading-row'><div class='first-table-item'>Presoterapia<\/div><span class='pricing-extra'><\/span><\/li><li class=''>Terapia basada en un masaje mediante presiones. Aporta mejoras al sistema circulatorio, aten\u00faa el dolor en las piernas y la acumulaci\u00f3n de celulitis a la vez que estimula y tonifica m\u00fasculos y articulaciones, ayudando a la relajaci\u00f3n.<\/li><\/ul><\/div><\/div><\/p><\/div><div  class='flex_column av-rysa9u-5dfc2ff48b439904c70b31ee404dd87f av_one_half  avia-builder-el-7  el_after_av_one_half  el_before_av_one_half  first flex_column_div  column-top-margin'     ><div  class='avia-table av-p3l09u-36abc97f0dd877f4c40e4d06185ac077 main_color avia-pricing-table-container avia_pricing_default  avia-builder-el-8  avia-builder-el-no-sibling  avia-table-2'  itemscope=\"itemscope\" itemtype=\"https:\/\/schema.org\/Table\" ><div class=\"pricing-table-wrap\"><ul class='pricing-table '><li class='avia-heading-row'><div class='first-table-item'>Cavitaci\u00f3n<\/div><span class='pricing-extra'><\/span><\/li><li class=''>Cavitaci\u00f3n La cavitaci\u00f3n es un fen\u00f3meno f\u00edsico que consiste en la generaci\u00f3n controlada y repetida de micro burbujas en el interior de un l\u00edquido. Este principio f\u00edsico en la medicina est\u00e9tica provoca la destrucci\u00f3n de la c\u00e9lula adiposa con la consecuente transformaci\u00f3n de la grasa en una sustancia l\u00edquida (diglic\u00e9rido), que ser\u00e1 eliminada a trav\u00e9s del sistema linf\u00e1tico y urinario. Permite tratar zonas localizadas a gran velocidad, eficacia y absoluta seguridad. Es la alternativa a la liposucci\u00f3n, con las ventajas de no pasar por el quir\u00f3fano y ahorrarse el postoperatorio.<\/li><\/ul><\/div><\/div><\/div><div  class='flex_column av-1psfrm-f790b21a24dbb31826059c76a64f3058 av_one_half  avia-builder-el-9  el_after_av_one_half  avia-builder-el-last  flex_column_div  column-top-margin'     ><p><div  class='avia-table av-f6a502-d505e19e1dfca3d7759f9c3633e0f931 main_color avia-pricing-table-container avia_pricing_default  avia-builder-el-10  el_before_av_textblock  avia-builder-el-first  avia-table-3'  itemscope=\"itemscope\" itemtype=\"https:\/\/schema.org\/Table\" ><div class=\"pricing-table-wrap\"><ul class='pricing-table '><li class='avia-heading-row'><div class='first-table-item'>Icoone<\/div><span class='pricing-extra'><\/span><\/li><li class=''>Tecnolog\u00eda que consiste en una micro estimulaci\u00f3n alveolada m\u00faltiple mediante unos rodillos que al pasarlos sobre la piel succionan y percuten el tejido perif\u00e9rico, originan la estimulaci\u00f3n de los tejidos subd\u00e9rmicos y consiguen remodelar la silueta de forma eficaz y duradera, reduciendo a su vez la \u201cpiel de naranja\u201d.<\/li><li class='avia-heading-row'>Diatermia<\/li><li class=''>Mediante el calentamiento localizado de los tejidos de una zona concreta del cuerpo conseguimos resultados de forma inmediata.<\/p>\n<p>\u2013 Reducci\u00f3n de la celulitis y de adiposidades localizadas.<br \/>\n\u2013 Remodelaci\u00f3n del gl\u00fateos y zona abdomen.<br \/>\n\u2013 Reducci\u00f3n de estr\u00edas.<br \/>\n\u2013 Reafirmaci\u00f3n de pecho.<\/li><\/ul><\/div><\/div><br \/>\n\n<style type=\"text\/css\" data-created_by=\"avia_inline_auto\" id=\"style-css-av-ljiu0jk5-08404505a20009aabe491befb27670c5\">\n#top .av_textblock_section.av-ljiu0jk5-08404505a20009aabe491befb27670c5 .avia_textblock{\ncolor:#666666;\n}\n<\/style>\n<section  class='av_textblock_section av-ljiu0jk5-08404505a20009aabe491befb27670c5 '   itemscope=\"itemscope\" itemtype=\"https:\/\/schema.org\/CreativeWork\" ><div class='avia_textblock av_inherit_color'  itemprop=\"text\" ><p><strong>Precio sesi\u00f3n: 70\u20ac<\/strong><br \/>\n<strong>Precio pack 6 sesiones: 390\u20ac<\/strong><br \/>\n<strong>Precio pack 12 sesiones: 720\u20ac<\/strong><\/p>\n<\/div><\/section><br \/>\n<div  class='avia-button-wrap av-ljiu11jb-1f9257e2eb9b0912edf5cf86dd2ce60b-wrap avia-button-left  avia-builder-el-12  el_after_av_textblock  avia-builder-el-last '>\n<style type=\"text\/css\" data-created_by=\"avia_inline_auto\" id=\"style-css-av-ljiu11jb-1f9257e2eb9b0912edf5cf86dd2ce60b\">\n#top #wrap_all .avia-button.av-ljiu11jb-1f9257e2eb9b0912edf5cf86dd2ce60b{\nbackground-color:#d5d9cc;\nborder-color:#d5d9cc;\ncolor:#666666;\n-webkit-transition:all 0.4s ease-in-out;\n-moz-transition:all 0.4s ease-in-out;\n-ms-transition:all 0.4s ease-in-out;\n-o-transition:all 0.4s ease-in-out;\ntransition:all 0.4s ease-in-out;\n}\n<\/style>\n<a href='mailto:mailto:reserves@solsol.cat?subject=Tratamiento con aparatos'  class='avia-button av-ljiu11jb-1f9257e2eb9b0912edf5cf86dd2ce60b avia-icon_select-no avia-size-medium avia-position-left'  ><span class='avia_iconbox_title' >Reserva ahora<\/span><\/a><\/div><\/p><\/div><\/div><\/div><\/main><!-- close content main element --><\/div><\/div><div id='after_section_1'  class='main_color av_default_container_wrap container_wrap sidebar_right'  ><div class='container av-section-cont-open' ><div class='template-page content  av-content-small alpha units'><div class='post-entry post-entry-type-page post-entry-3846'><div class='entry-content-wrapper clearfix'>\n","protected":false},"excerpt":{"rendered":"","protected":false},"author":1,"featured_media":0,"parent":3840,"menu_order":0,"comment_status":"closed","ping_status":"closed","template":"","meta":{"footnotes":""},"class_list":["post-3846","page","type-page","status-publish","hentry"],"_links":{"self":[{"href":"https:\/\/solsol.cat\/es\/wp-json\/wp\/v2\/pages\/3846","targetHints":{"allow":["GET"]}}],"collection":[{"href":"https:\/\/solsol.cat\/es\/wp-json\/wp\/v2\/pages"}],"about":[{"href":"https:\/\/solsol.cat\/es\/wp-json\/wp\/v2\/types\/page"}],"author":[{"embeddable":true,"href":"https:\/\/solsol.cat\/es\/wp-json\/wp\/v2\/users\/1"}],"replies":[{"embeddable":true,"href":"https:\/\/solsol.cat\/es\/wp-json\/wp\/v2\/comments?post=3846"}],"version-history":[{"count":2,"href":"https:\/\/solsol.cat\/es\/wp-json\/wp\/v2\/pages\/3846\/revisions"}],"predecessor-version":[{"id":3848,"href":"https:\/\/solsol.cat\/es\/wp-json\/wp\/v2\/pages\/3846\/revisions\/3848"}],"up":[{"embeddable":true,"href":"https:\/\/solsol.cat\/es\/wp-json\/wp\/v2\/pages\/3840"}],"wp:attachment":[{"href":"https:\/\/solsol.cat\/es\/wp-json\/wp\/v2\/media?parent=3846"}],"curies":[{"name":"wp","href":"https:\/\/api.w.org\/{rel}","templated":true}]}}